{"id":57302,"date":"2025-07-01T15:10:03","date_gmt":"2025-07-01T15:10:03","guid":{"rendered":"https:\/\/comfycat.com\/product\/arena-para-gatos\/"},"modified":"2026-04-28T13:44:22","modified_gmt":"2026-04-28T13:44:22","slug":"corn-litter","status":"publish","type":"product","link":"https:\/\/comfycat.com\/es\/producto\/corn-litter\/","title":{"rendered":"Arena para gatos"},"content":{"rendered":"<p>Si busca nuevos art\u00edculos de tendencia en el mercado, \u00a1le presentamos la <b>arena para gatos Hilton 5 L<\/b>!<\/p>\n<ul>\n<li>Tipo: Eliminador de olores<\/li>\n<li>Caracter\u00edsticas:\n<ul>\n<li>Absorci\u00f3n r\u00e1pida<\/li>\n<li>Inodoro<\/li>\n<\/ul>\n<\/li>\n<li>Capacidad: 5 L<\/li>\n<\/ul>\n","protected":false},"excerpt":{"rendered":"<p><em>\ud83c\udf3d 100% Natural. 0% Compromiso. <\/em><br \/>\nDiga adi\u00f3s al polvo, los productos qu\u00edmicos y las fragancias artificiales. <strong>ComfyCat Pure<\/strong> est\u00e1 fabricado \u00edntegramente con <strong>fibras de ma\u00edz naturales<\/strong>: es seguro para tu gato, tu hogar y el planeta.<\/p>\n","protected":false},"featured_media":57167,"comment_status":"open","ping_status":"closed","template":"","meta":{"_acf_changed":false},"product_brand":[],"product_cat":[215,318,213,214,343],"product_tag":[],"class_list":{"0":"post-57302","1":"product","2":"type-product","3":"status-publish","4":"has-post-thumbnail","6":"product_cat-bienestar-e-higiene","7":"product_cat-caja-de-arena","8":"product_cat-hogar-jardin","9":"product_cat-mascotas","10":"product_cat-suscripcion-a-la-camada","12":"first","13":"outofstock","14":"sale","15":"shipping-taxable","16":"purchasable","17":"product-type-variable-subscription"},"acf":[],"aioseo_notices":[],"_links":{"self":[{"href":"https:\/\/comfycat.com\/es\/wp-json\/wp\/v2\/product\/57302","targetHints":{"allow":["GET"]}}],"collection":[{"href":"https:\/\/comfycat.com\/es\/wp-json\/wp\/v2\/product"}],"about":[{"href":"https:\/\/comfycat.com\/es\/wp-json\/wp\/v2\/types\/product"}],"replies":[{"embeddable":true,"href":"https:\/\/comfycat.com\/es\/wp-json\/wp\/v2\/comments?post=57302"}],"wp:featuredmedia":[{"embeddable":true,"href":"https:\/\/comfycat.com\/es\/wp-json\/wp\/v2\/media\/57167"}],"wp:attachment":[{"href":"https:\/\/comfycat.com\/es\/wp-json\/wp\/v2\/media?parent=57302"}],"wp:term":[{"taxonomy":"product_brand","embeddable":true,"href":"https:\/\/comfycat.com\/es\/wp-json\/wp\/v2\/product_brand?post=57302"},{"taxonomy":"product_cat","embeddable":true,"href":"https:\/\/comfycat.com\/es\/wp-json\/wp\/v2\/product_cat?post=57302"},{"taxonomy":"product_tag","embeddable":true,"href":"https:\/\/comfycat.com\/es\/wp-json\/wp\/v2\/product_tag?post=57302"}],"curies":[{"name":"wp","href":"https:\/\/api.w.org\/{rel}","templated":true}]}}