{"id":57230,"date":"2025-10-29T06:23:41","date_gmt":"2025-10-29T06:23:41","guid":{"rendered":"https:\/\/comfycat.com\/product\/kit-de-confort-e-higiene\/"},"modified":"2026-02-27T02:18:43","modified_gmt":"2026-02-27T02:18:43","slug":"kit-de-confort-e-higiene","status":"publish","type":"product","link":"https:\/\/comfycat.com\/es\/producto\/kit-de-confort-e-higiene\/","title":{"rendered":"Kit de confort e higiene"},"content":{"rendered":"<p>Si busca nuevos art\u00edculos de tendencia en el mercado, \u00a1le presentamos el <b>champ\u00fa en seco para mascotas Felin&#8217; Good Foam Cat (200 ml)<\/b>!<\/p>\n<ul>\n<li>Tipo:\n<ul>\n<li>Mascotas<\/li>\n<li>Champ\u00fa seco<\/li>\n<\/ul>\n<\/li>\n<li>Mascota: Gato<\/li>\n<li>Textura: Espuma<\/li>\n<li>Capacidad: 200 ml<\/li>\n<li>Ingredientes:\n<ul>\n<li>Citral<\/li>\n<li>\u00c1cido c\u00edtrico<\/li>\n<li>Fenoxietanol<\/li>\n<li>Etilhexilglicerina<\/li>\n<li>Sorbato de potasio<\/li>\n<li>Cloruro s\u00f3dico<\/li>\n<li>Polisorbato 20<\/li>\n<\/ul>\n<\/li>\n<\/ul>\n","protected":false},"excerpt":{"rendered":"<p>Si busca nuevos art\u00edculos de tendencia en el mercado, \u00a1le presentamos el champ\u00fa en seco para mascotas Felin&#8217; Good Foam Cat (200 ml)! Tipo: Mascotas Champ\u00fa seco Mascota: Gato Textura: Espuma Capacidad: 200 ml Ingredientes: Citral \u00c1cido c\u00edtrico Fenoxietanol Etilhexilglicerina Sorbato de potasio Cloruro s\u00f3dico Polisorbato 20<\/p>\n","protected":false},"featured_media":55490,"comment_status":"open","ping_status":"closed","template":"","meta":{"_acf_changed":false},"product_brand":[],"product_cat":[153],"product_tag":[334,337,333,335,336],"class_list":{"0":"post-57230","1":"product","2":"type-product","3":"status-publish","4":"has-post-thumbnail","6":"product_cat-sin-categoria","7":"product_tag-cepillo-andis","8":"product_tag-cepillo-y-guante-de-masaje-para-mascotas","9":"product_tag-champu-seco","10":"product_tag-cortaunas-gloria-cat","11":"product_tag-rodillo-depilador-para-mascotas","13":"first","14":"outofstock","15":"shipping-taxable","16":"purchasable","17":"product-type-woosb"},"acf":[],"aioseo_notices":[],"_links":{"self":[{"href":"https:\/\/comfycat.com\/es\/wp-json\/wp\/v2\/product\/57230","targetHints":{"allow":["GET"]}}],"collection":[{"href":"https:\/\/comfycat.com\/es\/wp-json\/wp\/v2\/product"}],"about":[{"href":"https:\/\/comfycat.com\/es\/wp-json\/wp\/v2\/types\/product"}],"replies":[{"embeddable":true,"href":"https:\/\/comfycat.com\/es\/wp-json\/wp\/v2\/comments?post=57230"}],"wp:featuredmedia":[{"embeddable":true,"href":"https:\/\/comfycat.com\/es\/wp-json\/wp\/v2\/media\/55490"}],"wp:attachment":[{"href":"https:\/\/comfycat.com\/es\/wp-json\/wp\/v2\/media?parent=57230"}],"wp:term":[{"taxonomy":"product_brand","embeddable":true,"href":"https:\/\/comfycat.com\/es\/wp-json\/wp\/v2\/product_brand?post=57230"},{"taxonomy":"product_cat","embeddable":true,"href":"https:\/\/comfycat.com\/es\/wp-json\/wp\/v2\/product_cat?post=57230"},{"taxonomy":"product_tag","embeddable":true,"href":"https:\/\/comfycat.com\/es\/wp-json\/wp\/v2\/product_tag?post=57230"}],"curies":[{"name":"wp","href":"https:\/\/api.w.org\/{rel}","templated":true}]}}