{"id":57217,"date":"2025-10-29T07:20:28","date_gmt":"2025-10-29T07:20:28","guid":{"rendered":"https:\/\/comfycat.com\/product\/bono-futuro-camada-de-1-ano-bolsas\/"},"modified":"2026-04-13T15:11:15","modified_gmt":"2026-04-13T15:11:15","slug":"bono-futuro-camada-de-1-ano-bolsas","status":"publish","type":"product","link":"https:\/\/comfycat.com\/es\/producto\/bono-futuro-camada-de-1-ano-bolsas\/","title":{"rendered":"Bono Futuro &#8211; Camada de 1 a\u00f1o + Bolsas"},"content":{"rendered":"<div class=\"ofer-pg-mdl-each-tabview\">\n<div class=\"ofer-pg-mdl-each-box\">\n<h4>Lo que obtiene<\/h4>\n<ul class=\"ofer-pg-popup-lst\">\n<li>Un <strong>suministro<\/strong> adicional de <strong>12 meses<\/strong> de arena de ma\u00edz ComfyCat + bolsas de basura que bloquean los olores, del tama\u00f1o adecuado para su unidad.<\/li>\n<li>Las cantidades est\u00e1n calibradas para <strong>un hogar con un gato medio<\/strong> (uso t\u00edpico durante 12 meses).<\/li>\n<\/ul><\/div>\n<div class=\"ofer-pg-mdl-each-box\">\n<h4>Cuando lo consigas<\/h4>\n<ul class=\"ofer-pg-popup-lst\">\n<li><strong>Exclusivo del plan Platinum Care de 36 meses.<\/strong><\/li>\n<li><strong>Se env\u00eda al finalizar el plan Platinum Care de 36 meses y durante los 12 meses siguientes (es decir, durante los meses 36 a 48).<\/strong><\/li>\n<\/ul><\/div>\n<div class=\"ofer-pg-mdl-each-box\">\n<h4>T\u00e9rminos<\/h4>\n<ul class=\"ofer-pg-popup-lst\">\n<li>Un Bono Futuro por m\u00e1quina<strong>; no en efectivo, hasta agotar existencias.<\/strong> <\/li>\n<li>Env\u00edo gratuito en la UE<\/li>\n<li>Si el plan se cancela o los pagos caducan antes del mes 12, se <strong>pierde la<\/strong> bonificaci\u00f3n.<\/li>\n<\/ul><\/div>\n<div class=\"ofer-pg-mdl-each-box\">\n<p>Te mantiene abastecido durante todo un a\u00f1o.<\/p>\n<\/p><\/div>\n<\/div>\n","protected":false},"excerpt":{"rendered":"<p>Lo que obtiene Un suministro adicional de 12 meses de arena de ma\u00edz ComfyCat + bolsas de basura que bloquean los olores, del tama\u00f1o adecuado para su unidad. Las cantidades est\u00e1n calibradas para un hogar con un gato medio (uso t\u00edpico durante 12 meses). Cuando lo consigas Exclusivo del plan Platinum Care de 36 meses. [&hellip;]<\/p>\n","protected":false},"featured_media":37342,"comment_status":"open","ping_status":"closed","template":"","meta":{"_acf_changed":false},"product_brand":[],"product_cat":[318,153],"product_tag":[],"class_list":{"0":"post-57217","1":"product","2":"type-product","3":"status-publish","4":"has-post-thumbnail","6":"product_cat-caja-de-arena","7":"product_cat-sin-categoria","9":"first","10":"instock","11":"shipping-taxable","12":"purchasable","13":"product-type-simple"},"acf":[],"aioseo_notices":[],"_links":{"self":[{"href":"https:\/\/comfycat.com\/es\/wp-json\/wp\/v2\/product\/57217","targetHints":{"allow":["GET"]}}],"collection":[{"href":"https:\/\/comfycat.com\/es\/wp-json\/wp\/v2\/product"}],"about":[{"href":"https:\/\/comfycat.com\/es\/wp-json\/wp\/v2\/types\/product"}],"replies":[{"embeddable":true,"href":"https:\/\/comfycat.com\/es\/wp-json\/wp\/v2\/comments?post=57217"}],"wp:featuredmedia":[{"embeddable":true,"href":"https:\/\/comfycat.com\/es\/wp-json\/wp\/v2\/media\/37342"}],"wp:attachment":[{"href":"https:\/\/comfycat.com\/es\/wp-json\/wp\/v2\/media?parent=57217"}],"wp:term":[{"taxonomy":"product_brand","embeddable":true,"href":"https:\/\/comfycat.com\/es\/wp-json\/wp\/v2\/product_brand?post=57217"},{"taxonomy":"product_cat","embeddable":true,"href":"https:\/\/comfycat.com\/es\/wp-json\/wp\/v2\/product_cat?post=57217"},{"taxonomy":"product_tag","embeddable":true,"href":"https:\/\/comfycat.com\/es\/wp-json\/wp\/v2\/product_tag?post=57217"}],"curies":[{"name":"wp","href":"https:\/\/api.w.org\/{rel}","templated":true}]}}