{"id":57216,"date":"2025-10-29T07:19:12","date_gmt":"2025-10-29T07:19:12","guid":{"rendered":"https:\/\/comfycat.com\/product\/donacion-benefica\/"},"modified":"2026-04-13T15:11:14","modified_gmt":"2026-04-13T15:11:14","slug":"donacion-benefica","status":"publish","type":"product","link":"https:\/\/comfycat.com\/es\/producto\/donacion-benefica\/","title":{"rendered":"Donaci\u00f3n ben\u00e9fica"},"content":{"rendered":"<p>Con tu plan Platinum Care, <strong>ComfyCat dona 10 euros por pedido a<\/strong> un socio protector de animales.<\/p>\n<div class=\"ofer-pg-mdl-each-box\">\n<ul class=\"ofer-pg-popup-lst\">\n<li>Sin coste para usted; no deducible de impuestos para los clientes.<\/li>\n<li>Publicamos <strong>actualizaciones trimestrales de impacto<\/strong> (fondos, beneficiarios, proyectos). Hacemos donaciones a nuestra red de socios por defecto. <\/li>\n<li>Si una organizaci\u00f3n deja de cumplir los requisitos, redirigiremos los fondos a una organizaci\u00f3n ben\u00e9fica registrada similar.<\/li>\n<\/ul><\/div>\n<div class=\"ofer-pg-mdl-each-box\">\n<p>Gracias por ayudar a las mascotas necesitadas  <img decoding=\"async\" src=\"https:\/\/comfycat.com\/wp-content\/themes\/comfycat\/images\/smile-emoji.png\" alt=\"\"><\/p>\n<\/p><\/div>\n","protected":false},"excerpt":{"rendered":"<p>Con tu plan Platinum Care, ComfyCat dona 10 euros por pedido a un socio protector de animales. Sin coste para usted; no deducible de impuestos para los clientes. Publicamos actualizaciones trimestrales de impacto (fondos, beneficiarios, proyectos). Hacemos donaciones a nuestra red de socios por defecto. Si una organizaci\u00f3n deja de cumplir los requisitos, redirigiremos los [&hellip;]<\/p>\n","protected":false},"featured_media":37336,"comment_status":"open","ping_status":"closed","template":"","meta":{"_acf_changed":false},"product_brand":[],"product_cat":[318],"product_tag":[],"class_list":{"0":"post-57216","1":"product","2":"type-product","3":"status-publish","4":"has-post-thumbnail","6":"product_cat-caja-de-arena","8":"first","9":"instock","10":"shipping-taxable","11":"purchasable","12":"product-type-simple"},"acf":[],"aioseo_notices":[],"_links":{"self":[{"href":"https:\/\/comfycat.com\/es\/wp-json\/wp\/v2\/product\/57216","targetHints":{"allow":["GET"]}}],"collection":[{"href":"https:\/\/comfycat.com\/es\/wp-json\/wp\/v2\/product"}],"about":[{"href":"https:\/\/comfycat.com\/es\/wp-json\/wp\/v2\/types\/product"}],"replies":[{"embeddable":true,"href":"https:\/\/comfycat.com\/es\/wp-json\/wp\/v2\/comments?post=57216"}],"wp:featuredmedia":[{"embeddable":true,"href":"https:\/\/comfycat.com\/es\/wp-json\/wp\/v2\/media\/37336"}],"wp:attachment":[{"href":"https:\/\/comfycat.com\/es\/wp-json\/wp\/v2\/media?parent=57216"}],"wp:term":[{"taxonomy":"product_brand","embeddable":true,"href":"https:\/\/comfycat.com\/es\/wp-json\/wp\/v2\/product_brand?post=57216"},{"taxonomy":"product_cat","embeddable":true,"href":"https:\/\/comfycat.com\/es\/wp-json\/wp\/v2\/product_cat?post=57216"},{"taxonomy":"product_tag","embeddable":true,"href":"https:\/\/comfycat.com\/es\/wp-json\/wp\/v2\/product_tag?post=57216"}],"curies":[{"name":"wp","href":"https:\/\/api.w.org\/{rel}","templated":true}]}}