{"id":57197,"date":"2025-07-01T15:07:00","date_gmt":"2025-07-01T15:07:00","guid":{"rendered":"https:\/\/comfycat.com\/product\/comfybox-pro\/"},"modified":"2026-04-27T13:34:28","modified_gmt":"2026-04-27T13:34:28","slug":"comfybox-pro","status":"publish","type":"product","link":"https:\/\/comfycat.com\/es\/producto\/comfybox-pro\/","title":{"rendered":"ComfyBox Pro"},"content":{"rendered":"","protected":false},"excerpt":{"rendered":"<p>La forma m\u00e1s f\u00e1cil y limpia de gestionar la caja de arena de tu gato.<strong>Automatizada. Sin olores. Controlada por aplicaci\u00f3n. Con la confianza de miles de personas.   <\/strong><\/p>\n","protected":false},"featured_media":3542,"comment_status":"open","ping_status":"closed","template":"","meta":{"_acf_changed":false},"product_brand":[],"product_cat":[318],"product_tag":[],"class_list":{"0":"post-57197","1":"product","2":"type-product","3":"status-publish","4":"has-post-thumbnail","6":"product_cat-caja-de-arena","8":"first","9":"instock","10":"shipping-taxable","11":"purchasable","12":"product-type-simple"},"acf":[],"aioseo_notices":[],"_links":{"self":[{"href":"https:\/\/comfycat.com\/es\/wp-json\/wp\/v2\/product\/57197","targetHints":{"allow":["GET"]}}],"collection":[{"href":"https:\/\/comfycat.com\/es\/wp-json\/wp\/v2\/product"}],"about":[{"href":"https:\/\/comfycat.com\/es\/wp-json\/wp\/v2\/types\/product"}],"replies":[{"embeddable":true,"href":"https:\/\/comfycat.com\/es\/wp-json\/wp\/v2\/comments?post=57197"}],"wp:featuredmedia":[{"embeddable":true,"href":"https:\/\/comfycat.com\/es\/wp-json\/wp\/v2\/media\/3542"}],"wp:attachment":[{"href":"https:\/\/comfycat.com\/es\/wp-json\/wp\/v2\/media?parent=57197"}],"wp:term":[{"taxonomy":"product_brand","embeddable":true,"href":"https:\/\/comfycat.com\/es\/wp-json\/wp\/v2\/product_brand?post=57197"},{"taxonomy":"product_cat","embeddable":true,"href":"https:\/\/comfycat.com\/es\/wp-json\/wp\/v2\/product_cat?post=57197"},{"taxonomy":"product_tag","embeddable":true,"href":"https:\/\/comfycat.com\/es\/wp-json\/wp\/v2\/product_tag?post=57197"}],"curies":[{"name":"wp","href":"https:\/\/api.w.org\/{rel}","templated":true}]}}