{"id":57159,"date":"2025-07-01T15:08:54","date_gmt":"2025-07-01T15:08:54","guid":{"rendered":"https:\/\/comfycat.com\/product\/comedero-automatico-inteligente\/"},"modified":"2026-03-20T07:41:13","modified_gmt":"2026-03-20T07:41:13","slug":"comedero-automatico-inteligente","status":"publish","type":"product","link":"https:\/\/comfycat.com\/es\/producto\/comedero-automatico-inteligente\/","title":{"rendered":"Comedero autom\u00e1tico inteligente"},"content":{"rendered":"","protected":false},"excerpt":{"rendered":"<p><em>Alimentaci\u00f3n inteligente. Tranquilidad total. <\/em><br \/>\nTanto si est\u00e1s en el trabajo como fuera, <strong>ComfyCat Feed<\/strong> se encarga de la hora de la comida: en porciones, programada y sin estr\u00e9s. Config\u00faralo una vez y deja que la aplicaci\u00f3n haga el resto. <\/p>\n","protected":false},"featured_media":3762,"comment_status":"open","ping_status":"closed","template":"","meta":{"_acf_changed":false},"product_brand":[],"product_cat":[318],"product_tag":[],"class_list":{"0":"post-57159","1":"product","2":"type-product","3":"status-publish","4":"has-post-thumbnail","6":"product_cat-caja-de-arena","8":"first","9":"outofstock","10":"sale","11":"shipping-taxable","12":"purchasable","13":"product-type-simple"},"acf":[],"aioseo_notices":[],"_links":{"self":[{"href":"https:\/\/comfycat.com\/es\/wp-json\/wp\/v2\/product\/57159","targetHints":{"allow":["GET"]}}],"collection":[{"href":"https:\/\/comfycat.com\/es\/wp-json\/wp\/v2\/product"}],"about":[{"href":"https:\/\/comfycat.com\/es\/wp-json\/wp\/v2\/types\/product"}],"replies":[{"embeddable":true,"href":"https:\/\/comfycat.com\/es\/wp-json\/wp\/v2\/comments?post=57159"}],"wp:featuredmedia":[{"embeddable":true,"href":"https:\/\/comfycat.com\/es\/wp-json\/wp\/v2\/media\/3762"}],"wp:attachment":[{"href":"https:\/\/comfycat.com\/es\/wp-json\/wp\/v2\/media?parent=57159"}],"wp:term":[{"taxonomy":"product_brand","embeddable":true,"href":"https:\/\/comfycat.com\/es\/wp-json\/wp\/v2\/product_brand?post=57159"},{"taxonomy":"product_cat","embeddable":true,"href":"https:\/\/comfycat.com\/es\/wp-json\/wp\/v2\/product_cat?post=57159"},{"taxonomy":"product_tag","embeddable":true,"href":"https:\/\/comfycat.com\/es\/wp-json\/wp\/v2\/product_tag?post=57159"}],"curies":[{"name":"wp","href":"https:\/\/api.w.org\/{rel}","templated":true}]}}