{"id":56906,"date":"2025-11-27T13:08:48","date_gmt":"2025-11-27T13:08:48","guid":{"rendered":"https:\/\/comfycat.com\/product\/hamaca-colgante-para-gatos-catlax-innovagoods\/"},"modified":"2026-04-09T09:15:37","modified_gmt":"2026-04-09T09:15:37","slug":"hanging-cat-hammock-catlax-innovagoods","status":"publish","type":"product","link":"https:\/\/comfycat.com\/es\/producto\/hanging-cat-hammock-catlax-innovagoods\/","title":{"rendered":"Hamaca colgante para gatos Catlax InnovaGoods"},"content":{"rendered":"<div class=\"ofer-pg-mdl-each-tabview\">\n<div class=\"ofer-pg-mdl-each-box\">\n<p>Una hamaca colgante moderna y elegante para gatos. Perfecto para que las mascotas puedan disfrutar c\u00f3modamente de su propio espacio&#8230; un lugar donde contemplar el paisaje, tomar el sol, jugar a saltar, etc. sin preocupaciones. A los gatos les encantan las alturas, as\u00ed que les fascinar\u00e1 esta hamaca colgante, que puede colocarse a cualquier altura, aprovechando al m\u00e1ximo su espacio y manteni\u00e9ndolo ordenado. Se instala f\u00e1cilmente mediante 4 fuertes ventosas que proporcionan una sujeci\u00f3n firme (sin necesidad de herramientas) y soportan hasta 30 kg de peso. La hamaca se instala principalmente en ventanas o puertas de cristal (en interiores, sobre superficies limpias y lisas no porosas). Esta original hamaca para gatos es muy vers\u00e1til y adaptable gracias a su dise\u00f1o multiposici\u00f3n, ligero y port\u00e1til, para que puedas moverla cuando quieras. Consta de varios tubos de pl\u00e1stico y dos cables met\u00e1licos colgantes que soportan el peso con seguridad, evitando que el gato los muerda y los rompa. La funda de soporte de tejido Oxford es resistente, transpirable y lavable a mano. Es f\u00e1cil de montar y desmontar siguiendo las instrucciones incluidas, y ocupa muy poco espacio cuando se guarda.        <\/p>\n<\/p><\/div>\n<div class=\"ofer-pg-mdl-each-box\">\n<h4>Material:<\/h4>\n<ul class=\"ofer-pg-popup-lst\">\n<li>PP<\/li>\n<li>PVC<\/li>\n<li>Poli\u00e9ster (Oxford)<\/li>\n<\/ul><\/div>\n<\/div>\n","protected":false},"excerpt":{"rendered":"<p>Una hamaca colgante moderna y elegante para gatos. Perfecto para que las mascotas puedan disfrutar c\u00f3modamente de su propio espacio&#8230; un lugar donde contemplar el paisaje, tomar el sol, jugar a saltar, etc. sin preocupaciones. A los gatos les encantan las alturas, as\u00ed que les fascinar\u00e1 esta hamaca colgante, que puede colocarse a cualquier altura, [&hellip;]<\/p>\n","protected":false},"featured_media":55074,"comment_status":"open","ping_status":"closed","template":"","meta":{"_acf_changed":false},"product_brand":[],"product_cat":[153],"product_tag":[],"class_list":{"0":"post-56906","1":"product","2":"type-product","3":"status-publish","4":"has-post-thumbnail","6":"product_cat-sin-categoria","8":"first","9":"instock","10":"shipping-taxable","11":"purchasable","12":"product-type-simple"},"acf":[],"aioseo_notices":[],"_links":{"self":[{"href":"https:\/\/comfycat.com\/es\/wp-json\/wp\/v2\/product\/56906","targetHints":{"allow":["GET"]}}],"collection":[{"href":"https:\/\/comfycat.com\/es\/wp-json\/wp\/v2\/product"}],"about":[{"href":"https:\/\/comfycat.com\/es\/wp-json\/wp\/v2\/types\/product"}],"replies":[{"embeddable":true,"href":"https:\/\/comfycat.com\/es\/wp-json\/wp\/v2\/comments?post=56906"}],"wp:featuredmedia":[{"embeddable":true,"href":"https:\/\/comfycat.com\/es\/wp-json\/wp\/v2\/media\/55074"}],"wp:attachment":[{"href":"https:\/\/comfycat.com\/es\/wp-json\/wp\/v2\/media?parent=56906"}],"wp:term":[{"taxonomy":"product_brand","embeddable":true,"href":"https:\/\/comfycat.com\/es\/wp-json\/wp\/v2\/product_brand?post=56906"},{"taxonomy":"product_cat","embeddable":true,"href":"https:\/\/comfycat.com\/es\/wp-json\/wp\/v2\/product_cat?post=56906"},{"taxonomy":"product_tag","embeddable":true,"href":"https:\/\/comfycat.com\/es\/wp-json\/wp\/v2\/product_tag?post=56906"}],"curies":[{"name":"wp","href":"https:\/\/api.w.org\/{rel}","templated":true}]}}