{"id":57039,"date":"2025-09-05T06:47:11","date_gmt":"2025-09-05T06:47:11","guid":{"rendered":"https:\/\/comfycat.com\/blog\/"},"modified":"2025-12-22T07:16:29","modified_gmt":"2025-12-22T07:16:29","slug":"blog","status":"publish","type":"page","link":"https:\/\/comfycat.com\/es\/blog\/","title":{"rendered":"Blog"},"content":{"rendered":"<h1>Blog<\/h1>\n<p>Haz que la hora de comer sea m\u00e1s f\u00e1cil y saludable para tu amigo felino con nuestros consejos, rese\u00f1as y gu\u00edas sobre comederos inteligentes para gatos. Desde comederos autom\u00e1ticos hasta control de raciones y rutinas a la hora de comer, este blog te ayuda a elegir las mejores opciones para mantener a tu gato feliz, nutrido y a tiempo. <\/p>\n","protected":false},"excerpt":{"rendered":"<p>Blog Haz que la hora de comer sea m\u00e1s f\u00e1cil y saludable para tu amigo felino con nuestros consejos, rese\u00f1as y gu\u00edas sobre comederos inteligentes para gatos. Desde comederos autom\u00e1ticos hasta control de raciones y rutinas a la hora de comer, este blog te ayuda a elegir las mejores opciones para mantener a tu gato [&hellip;]<\/p>\n","protected":false},"author":1,"featured_media":0,"parent":0,"menu_order":0,"comment_status":"closed","ping_status":"closed","template":"templates\/template-blog.php","meta":{"_acf_changed":false,"footnotes":""},"class_list":["post-57039","page","type-page","status-publish","hentry"],"acf":[],"aioseo_notices":[],"_links":{"self":[{"href":"https:\/\/comfycat.com\/es\/wp-json\/wp\/v2\/pages\/57039","targetHints":{"allow":["GET"]}}],"collection":[{"href":"https:\/\/comfycat.com\/es\/wp-json\/wp\/v2\/pages"}],"about":[{"href":"https:\/\/comfycat.com\/es\/wp-json\/wp\/v2\/types\/page"}],"author":[{"embeddable":true,"href":"https:\/\/comfycat.com\/es\/wp-json\/wp\/v2\/users\/1"}],"replies":[{"embeddable":true,"href":"https:\/\/comfycat.com\/es\/wp-json\/wp\/v2\/comments?post=57039"}],"version-history":[{"count":0,"href":"https:\/\/comfycat.com\/es\/wp-json\/wp\/v2\/pages\/57039\/revisions"}],"wp:attachment":[{"href":"https:\/\/comfycat.com\/es\/wp-json\/wp\/v2\/media?parent=57039"}],"curies":[{"name":"wp","href":"https:\/\/api.w.org\/{rel}","templated":true}]}}