{"id":56749,"date":"2025-09-05T06:56:26","date_gmt":"2025-09-05T06:56:26","guid":{"rendered":"https:\/\/comfycat.com\/terminos-y-condiciones-comfycat-com\/"},"modified":"2026-02-06T10:01:58","modified_gmt":"2026-02-06T10:01:58","slug":"terminos-y-condiciones-comfycat-com","status":"publish","type":"page","link":"https:\/\/comfycat.com\/es\/terminos-y-condiciones-comfycat-com\/","title":{"rendered":"T\u00e9rminos y condiciones &#8211; ComfyCat.com"},"content":{"rendered":"<p>  Bienvenido a <a href=\"#\"><strong>ComfyCat.com<\/strong><\/a>. El Sitio est\u00e1 gestionado por ComfyCat (&#8220;nosotros&#8221;, &#8220;nos&#8221;, &#8220;nuestro&#8221;). Al acceder a nuestro Sitio o comprar en \u00e9l, usted acepta los siguientes T\u00e9rminos y Condiciones. L\u00e9alos atentamente antes de hacer un pedido.<\/p>\n<p> <strong> Nota: <\/strong> Esta p\u00e1gina es de informaci\u00f3n general y no sustituye al asesoramiento jur\u00eddico. Sus derechos legales como consumidor no se ver\u00e1n afectados.   <\/p>\n<p>ComfyCat.com es propiedad y est\u00e1 gestionado por <strong>Petra Srl,<\/strong> una sociedad de responsabilidad limitada constituida en Italia, con domicilio social en <strong>MILANO (MI) VIA ALFONSO LAMARMORA 6 CAP 20122,<\/strong> NIF. <strong>IT12386900968.<\/strong> Para cualquier cuesti\u00f3n legal o de facturaci\u00f3n, <strong>Petra<\/strong> Srl es la parte contratante para todas las compras realizadas en este Sitio.<\/p>\n","protected":false},"excerpt":{"rendered":"<p>Bienvenido a ComfyCat.com. El Sitio est\u00e1 gestionado por ComfyCat (&#8220;nosotros&#8221;, &#8220;nos&#8221;, &#8220;nuestro&#8221;). Al acceder a nuestro Sitio o comprar en \u00e9l, usted acepta los siguientes T\u00e9rminos y Condiciones. L\u00e9alos atentamente antes de hacer un pedido. Nota: Esta p\u00e1gina es de informaci\u00f3n general y no sustituye al asesoramiento jur\u00eddico. Sus derechos legales como consumidor no se [&hellip;]<\/p>\n","protected":false},"author":1,"featured_media":0,"parent":0,"menu_order":0,"comment_status":"closed","ping_status":"closed","template":"templates\/template-legalpages.php","meta":{"_acf_changed":false,"footnotes":""},"class_list":["post-56749","page","type-page","status-publish","hentry"],"acf":[],"aioseo_notices":[],"_links":{"self":[{"href":"https:\/\/comfycat.com\/es\/wp-json\/wp\/v2\/pages\/56749","targetHints":{"allow":["GET"]}}],"collection":[{"href":"https:\/\/comfycat.com\/es\/wp-json\/wp\/v2\/pages"}],"about":[{"href":"https:\/\/comfycat.com\/es\/wp-json\/wp\/v2\/types\/page"}],"author":[{"embeddable":true,"href":"https:\/\/comfycat.com\/es\/wp-json\/wp\/v2\/users\/1"}],"replies":[{"embeddable":true,"href":"https:\/\/comfycat.com\/es\/wp-json\/wp\/v2\/comments?post=56749"}],"version-history":[{"count":0,"href":"https:\/\/comfycat.com\/es\/wp-json\/wp\/v2\/pages\/56749\/revisions"}],"wp:attachment":[{"href":"https:\/\/comfycat.com\/es\/wp-json\/wp\/v2\/media?parent=56749"}],"curies":[{"name":"wp","href":"https:\/\/api.w.org\/{rel}","templated":true}]}}