{"id":56521,"date":"2025-06-20T06:41:58","date_gmt":"2025-06-20T06:41:58","guid":{"rendered":"https:\/\/comfycat.com\/contactenos\/"},"modified":"2026-03-23T06:45:45","modified_gmt":"2026-03-23T06:45:45","slug":"contactenos","status":"publish","type":"page","link":"https:\/\/comfycat.com\/es\/contactenos\/","title":{"rendered":"Cont\u00e1ctenos"},"content":{"rendered":"<h1>Cont\u00e1ctenos \u2013 ComfyCat<\/h1>\n<p><span class=\"TextRun SCXW58475702 BCX0\" lang=\"EN-US\" data-contrast=\"auto\"><span class=\"NormalTextRun SCXW58475702 BCX0\">Estamos<\/span><span class=\"NormalTextRun SCXW58475702 BCX0\"> aqu\u00ed para ayudarle a usted y a su gato a sacar el m\u00e1ximo partido de su <\/span><\/span><strong><span class=\"TextRun MacChromeBold SCXW58475702 BCX0\" lang=\"EN-US\" data-contrast=\"auto\"><span class=\"NormalTextRun SCXW58475702 BCX0\">caja de arena autom\u00e1tica ComfyBox Pro<\/span><\/span><\/strong><span class=\"TextRun SCXW58475702 BCX0\" lang=\"EN-US\" data-contrast=\"auto\"><span class=\"NormalTextRun SCXW58475702 BCX0\"> y sus accesorios.<\/span><\/span><span class=\"EOP SCXW58475702 BCX0\" data-ccp-props=\"{\"134233117\":true,\"134233118\":true,\"201341983\":0,\"335559740\":240}\"> <\/span><\/p>\n","protected":false},"excerpt":{"rendered":"<p>Cont\u00e1ctenos \u2013 ComfyCat Estamos aqu\u00ed para ayudarle a usted y a su gato a sacar el m\u00e1ximo partido de su caja de arena autom\u00e1tica ComfyBox Pro y sus accesorios.<\/p>\n","protected":false},"author":1,"featured_media":0,"parent":0,"menu_order":0,"comment_status":"closed","ping_status":"closed","template":"templates\/template-contact.php","meta":{"_acf_changed":false,"footnotes":""},"class_list":["post-56521","page","type-page","status-publish","hentry"],"acf":[],"aioseo_notices":[],"_links":{"self":[{"href":"https:\/\/comfycat.com\/es\/wp-json\/wp\/v2\/pages\/56521","targetHints":{"allow":["GET"]}}],"collection":[{"href":"https:\/\/comfycat.com\/es\/wp-json\/wp\/v2\/pages"}],"about":[{"href":"https:\/\/comfycat.com\/es\/wp-json\/wp\/v2\/types\/page"}],"author":[{"embeddable":true,"href":"https:\/\/comfycat.com\/es\/wp-json\/wp\/v2\/users\/1"}],"replies":[{"embeddable":true,"href":"https:\/\/comfycat.com\/es\/wp-json\/wp\/v2\/comments?post=56521"}],"version-history":[{"count":0,"href":"https:\/\/comfycat.com\/es\/wp-json\/wp\/v2\/pages\/56521\/revisions"}],"wp:attachment":[{"href":"https:\/\/comfycat.com\/es\/wp-json\/wp\/v2\/media?parent=56521"}],"curies":[{"name":"wp","href":"https:\/\/api.w.org\/{rel}","templated":true}]}}