{"id":69778,"date":"2025-11-17T08:08:11","date_gmt":"2025-11-17T08:08:11","guid":{"rendered":"https:\/\/comfycat.com\/product\/dematting-comb-hunter-51-x-37-x-33-cm\/"},"modified":"2026-02-18T13:46:17","modified_gmt":"2026-02-18T13:46:17","slug":"dematting-comb-hunter-51-x-37-x-33-cm","status":"publish","type":"product","link":"https:\/\/comfycat.com\/de\/produkt\/dematting-comb-hunter-51-x-37-x-33-cm\/","title":{"rendered":"Entmatschungskamm J\u00e4ger 51 x 37 x 33 cm"},"content":{"rendered":"<p>Wenn Sie auf der Suche nach neuen Trendartikeln sind, pr\u00e4sentieren wir Ihnen den <b>Demattenkamm Hunter 51 x 37 x 33 cm<\/b>!<\/p>\n<ul>\n<li>Gr\u00f6\u00dfe: 11<\/li>\n<li>Art: Haustiere<\/li>\n<li>Empfohlene Verwendung:\n<ul>\n<li>Hund<\/li>\n<li>Langes Haar<\/li>\n<li>Kurzhaarige<\/li>\n<\/ul>\n<\/li>\n<li>Ungef\u00e4hre Ma\u00dfe: 51 x 37 x 33 cm <\/li>\n<\/ul>\n","protected":false},"excerpt":{"rendered":"<p>Wenn Sie auf der Suche nach neuen Trendartikeln sind, pr\u00e4sentieren wir Ihnen den Demattenkamm Hunter 51 x 37 x 33 cm! Gr\u00f6\u00dfe: 11 Art: Haustiere Empfohlene Verwendung: Hund Langes Haar Kurzhaarige Ungef\u00e4hre Ma\u00dfe: 51 x 37 x 33 cm<\/p>\n","protected":false},"featured_media":69954,"comment_status":"open","ping_status":"closed","template":"","meta":{"_acf_changed":false},"product_brand":[],"product_cat":[263,264,268],"product_tag":[286],"class_list":{"0":"post-69778","1":"product","2":"type-product","3":"status-publish","4":"has-post-thumbnail","6":"product_cat-haus-garten","7":"product_cat-haustiere","8":"product_cat-wohlbefinden-und-hygiene","9":"product_tag-heise-angebote","11":"first","12":"outofstock","13":"shipping-taxable","14":"purchasable","15":"product-type-simple"},"acf":[],"aioseo_notices":[],"_links":{"self":[{"href":"https:\/\/comfycat.com\/de\/wp-json\/wp\/v2\/product\/69778","targetHints":{"allow":["GET"]}}],"collection":[{"href":"https:\/\/comfycat.com\/de\/wp-json\/wp\/v2\/product"}],"about":[{"href":"https:\/\/comfycat.com\/de\/wp-json\/wp\/v2\/types\/product"}],"replies":[{"embeddable":true,"href":"https:\/\/comfycat.com\/de\/wp-json\/wp\/v2\/comments?post=69778"}],"wp:featuredmedia":[{"embeddable":true,"href":"https:\/\/comfycat.com\/de\/wp-json\/wp\/v2\/media\/69954"}],"wp:attachment":[{"href":"https:\/\/comfycat.com\/de\/wp-json\/wp\/v2\/media?parent=69778"}],"wp:term":[{"taxonomy":"product_brand","embeddable":true,"href":"https:\/\/comfycat.com\/de\/wp-json\/wp\/v2\/product_brand?post=69778"},{"taxonomy":"product_cat","embeddable":true,"href":"https:\/\/comfycat.com\/de\/wp-json\/wp\/v2\/product_cat?post=69778"},{"taxonomy":"product_tag","embeddable":true,"href":"https:\/\/comfycat.com\/de\/wp-json\/wp\/v2\/product_tag?post=69778"}],"curies":[{"name":"wp","href":"https:\/\/api.w.org\/{rel}","templated":true}]}}