{"id":69751,"date":"2025-11-17T08:08:04","date_gmt":"2025-11-17T08:08:04","guid":{"rendered":"https:\/\/comfycat.com\/product\/dematting-comb-hunter-2-in-1\/"},"modified":"2026-02-18T13:38:12","modified_gmt":"2026-02-18T13:38:12","slug":"dematting-comb-hunter-2-in-1","status":"publish","type":"product","link":"https:\/\/comfycat.com\/de\/produkt\/dematting-comb-hunter-2-in-1\/","title":{"rendered":"Entmatschungskamm J\u00e4ger 2-in-1"},"content":{"rendered":"<p>Wenn Sie auf der Suche nach neuen Markttrends sind, pr\u00e4sentieren wir Ihnen den <b>Dematting Comb Hunter 2-in-1<\/b>!<\/p>\n<ul>\n<li>Gr\u00f6\u00dfe: M<\/li>\n<li>Art: Haustiere<\/li>\n<li>Empfohlene Verwendung:\n<ul>\n<li>Langes Haar<\/li>\n<li>Kurzhaarige<\/li>\n<\/ul>\n<\/li>\n<li>Haustier: Hund<\/li>\n<\/ul>\n","protected":false},"excerpt":{"rendered":"<p>Wenn Sie auf der Suche nach neuen Markttrends sind, pr\u00e4sentieren wir Ihnen den Dematting Comb Hunter 2-in-1! Gr\u00f6\u00dfe: M Art: Haustiere Empfohlene Verwendung: Langes Haar Kurzhaarige Haustier: Hund<\/p>\n","protected":false},"featured_media":69984,"comment_status":"open","ping_status":"closed","template":"","meta":{"_acf_changed":false},"product_brand":[],"product_cat":[263,264,268],"product_tag":[],"class_list":{"0":"post-69751","1":"product","2":"type-product","3":"status-publish","4":"has-post-thumbnail","6":"product_cat-haus-garten","7":"product_cat-haustiere","8":"product_cat-wohlbefinden-und-hygiene","10":"first","11":"outofstock","12":"shipping-taxable","13":"purchasable","14":"product-type-simple"},"acf":[],"aioseo_notices":[],"_links":{"self":[{"href":"https:\/\/comfycat.com\/de\/wp-json\/wp\/v2\/product\/69751","targetHints":{"allow":["GET"]}}],"collection":[{"href":"https:\/\/comfycat.com\/de\/wp-json\/wp\/v2\/product"}],"about":[{"href":"https:\/\/comfycat.com\/de\/wp-json\/wp\/v2\/types\/product"}],"replies":[{"embeddable":true,"href":"https:\/\/comfycat.com\/de\/wp-json\/wp\/v2\/comments?post=69751"}],"wp:featuredmedia":[{"embeddable":true,"href":"https:\/\/comfycat.com\/de\/wp-json\/wp\/v2\/media\/69984"}],"wp:attachment":[{"href":"https:\/\/comfycat.com\/de\/wp-json\/wp\/v2\/media?parent=69751"}],"wp:term":[{"taxonomy":"product_brand","embeddable":true,"href":"https:\/\/comfycat.com\/de\/wp-json\/wp\/v2\/product_brand?post=69751"},{"taxonomy":"product_cat","embeddable":true,"href":"https:\/\/comfycat.com\/de\/wp-json\/wp\/v2\/product_cat?post=69751"},{"taxonomy":"product_tag","embeddable":true,"href":"https:\/\/comfycat.com\/de\/wp-json\/wp\/v2\/product_tag?post=69751"}],"curies":[{"name":"wp","href":"https:\/\/api.w.org\/{rel}","templated":true}]}}