{"id":69732,"date":"2025-11-11T10:41:25","date_gmt":"2025-11-11T10:41:25","guid":{"rendered":"https:\/\/comfycat.com\/product\/brush-andis-plastic-blades-51-x-37-x-33-cm\/"},"modified":"2026-04-06T12:44:41","modified_gmt":"2026-04-06T12:44:41","slug":"brush-andis-plastic-blades-51-x-37-x-33-cm","status":"publish","type":"product","link":"https:\/\/comfycat.com\/de\/produkt\/brush-andis-plastic-blades-51-x-37-x-33-cm\/","title":{"rendered":"B\u00fcrste Andis Kunststoffklingen 51 x 37 x 33 cm"},"content":{"rendered":"<p>Wenn Sie auf der Suche nach neuen Markttrends sind, pr\u00e4sentieren wir Ihnen die <b>B\u00fcrste Andis Plastic Blades 51 x 37 x 33 cm<\/b>!<\/p>\n<ul>\n<li>Empfohlene Verwendung: Klingen<\/li>\n<li>Ungef\u00e4hre Ma\u00dfe: 51 x 37 x 33 cm <\/li>\n<li>Material: Kunststoff<\/li>\n<\/ul>\n","protected":false},"excerpt":{"rendered":"<p>Wenn Sie auf der Suche nach neuen Markttrends sind, pr\u00e4sentieren wir Ihnen die B\u00fcrste Andis Plastic Blades 51 x 37 x 33 cm! Empfohlene Verwendung: Klingen Ungef\u00e4hre Ma\u00dfe: 51 x 37 x 33 cm Material: Kunststoff<\/p>\n","protected":false},"featured_media":70003,"comment_status":"open","ping_status":"closed","template":"","meta":{"_acf_changed":false},"product_brand":[],"product_cat":[263,264,268],"product_tag":[286],"class_list":{"0":"post-69732","1":"product","2":"type-product","3":"status-publish","4":"has-post-thumbnail","6":"product_cat-haus-garten","7":"product_cat-haustiere","8":"product_cat-wohlbefinden-und-hygiene","9":"product_tag-heise-angebote","11":"first","12":"outofstock","13":"shipping-taxable","14":"purchasable","15":"product-type-simple"},"acf":[],"aioseo_notices":[],"_links":{"self":[{"href":"https:\/\/comfycat.com\/de\/wp-json\/wp\/v2\/product\/69732","targetHints":{"allow":["GET"]}}],"collection":[{"href":"https:\/\/comfycat.com\/de\/wp-json\/wp\/v2\/product"}],"about":[{"href":"https:\/\/comfycat.com\/de\/wp-json\/wp\/v2\/types\/product"}],"replies":[{"embeddable":true,"href":"https:\/\/comfycat.com\/de\/wp-json\/wp\/v2\/comments?post=69732"}],"wp:featuredmedia":[{"embeddable":true,"href":"https:\/\/comfycat.com\/de\/wp-json\/wp\/v2\/media\/70003"}],"wp:attachment":[{"href":"https:\/\/comfycat.com\/de\/wp-json\/wp\/v2\/media?parent=69732"}],"wp:term":[{"taxonomy":"product_brand","embeddable":true,"href":"https:\/\/comfycat.com\/de\/wp-json\/wp\/v2\/product_brand?post=69732"},{"taxonomy":"product_cat","embeddable":true,"href":"https:\/\/comfycat.com\/de\/wp-json\/wp\/v2\/product_cat?post=69732"},{"taxonomy":"product_tag","embeddable":true,"href":"https:\/\/comfycat.com\/de\/wp-json\/wp\/v2\/product_tag?post=69732"}],"curies":[{"name":"wp","href":"https:\/\/api.w.org\/{rel}","templated":true}]}}