{"id":69681,"date":"2025-11-11T09:07:53","date_gmt":"2025-11-11T09:07:53","guid":{"rendered":"https:\/\/comfycat.com\/product\/scratching-postsbackup-2\/"},"modified":"2026-02-18T13:34:52","modified_gmt":"2026-02-18T13:34:52","slug":"scratching-postsbackup-2","status":"publish","type":"product","link":"https:\/\/comfycat.com\/de\/produkt\/scratching-postsbackup-2\/","title":{"rendered":"Kratzbaum f\u00fcr Katzen Gloria Rin Braun 6,5 cm"},"content":{"rendered":"<p>Wenn Sie auf der Suche nach neuen Markttrends sind, pr\u00e4sentieren wir Ihnen den <b>Kratzbaum f\u00fcr Katzen Gloria Rin Brown 6,5 cm<\/b>!<\/p>\n<ul>\n<li>Haustier: Katze<\/li>\n<li>Typ: Kratzbaum f\u00fcr Katzen<\/li>\n<li>H\u00f6he: 80 cm<\/li>\n<li>Farbe: Braun<\/li>\n<li>Material:\n<ul>\n<li>Polyester<\/li>\n<li>Holz<\/li>\n<li>Papier<\/li>\n<li>Kunststoff<\/li>\n<li>Sisal<\/li>\n<\/ul>\n<\/li>\n<li>Durchmesser: ca. 6,5 cm <\/li>\n<\/ul>\n","protected":false},"excerpt":{"rendered":"<p>Wenn Sie auf der Suche nach neuen Markttrends sind, pr\u00e4sentieren wir Ihnen den Kratzbaum f\u00fcr Katzen Gloria Rin Brown 6,5 cm! Haustier: Katze Typ: Kratzbaum f\u00fcr Katzen H\u00f6he: 80 cm Farbe: Braun Material: Polyester Holz Papier Kunststoff Sisal Durchmesser: ca. 6,5 cm<\/p>\n","protected":false},"featured_media":70017,"comment_status":"open","ping_status":"closed","template":"","meta":{"_acf_changed":false},"product_brand":[],"product_cat":[263,264,292],"product_tag":[],"class_list":{"0":"post-69681","1":"product","2":"type-product","3":"status-publish","4":"has-post-thumbnail","6":"product_cat-haus-garten","7":"product_cat-haustiere","8":"product_cat-spielzeug","10":"first","11":"instock","12":"shipping-taxable","13":"purchasable","14":"product-type-simple"},"acf":[],"aioseo_notices":[],"_links":{"self":[{"href":"https:\/\/comfycat.com\/de\/wp-json\/wp\/v2\/product\/69681","targetHints":{"allow":["GET"]}}],"collection":[{"href":"https:\/\/comfycat.com\/de\/wp-json\/wp\/v2\/product"}],"about":[{"href":"https:\/\/comfycat.com\/de\/wp-json\/wp\/v2\/types\/product"}],"replies":[{"embeddable":true,"href":"https:\/\/comfycat.com\/de\/wp-json\/wp\/v2\/comments?post=69681"}],"wp:featuredmedia":[{"embeddable":true,"href":"https:\/\/comfycat.com\/de\/wp-json\/wp\/v2\/media\/70017"}],"wp:attachment":[{"href":"https:\/\/comfycat.com\/de\/wp-json\/wp\/v2\/media?parent=69681"}],"wp:term":[{"taxonomy":"product_brand","embeddable":true,"href":"https:\/\/comfycat.com\/de\/wp-json\/wp\/v2\/product_brand?post=69681"},{"taxonomy":"product_cat","embeddable":true,"href":"https:\/\/comfycat.com\/de\/wp-json\/wp\/v2\/product_cat?post=69681"},{"taxonomy":"product_tag","embeddable":true,"href":"https:\/\/comfycat.com\/de\/wp-json\/wp\/v2\/product_tag?post=69681"}],"curies":[{"name":"wp","href":"https:\/\/api.w.org\/{rel}","templated":true}]}}