{"id":69493,"date":"2025-11-11T08:43:40","date_gmt":"2025-11-11T08:43:40","guid":{"rendered":"https:\/\/comfycat.com\/product\/collapsible-pet-tunnel-funnyl\/"},"modified":"2026-04-17T11:13:09","modified_gmt":"2026-04-17T11:13:09","slug":"collapsible-pet-tunnel-funnyl","status":"publish","type":"product","link":"https:\/\/comfycat.com\/de\/produkt\/collapsible-pet-tunnel-funnyl\/","title":{"rendered":"Zusammenklappbarer Haustiertunnel Funnyl InnovaGoods"},"content":{"rendered":"<div class=\"col-md-6\">Wenn Sie sich f\u00fcr die Welt der Gadgets begeistern, bietet Ihnen <b>InnovaGoods<\/b> die besten und originellsten Neuheiten f\u00fcr Haus, Auto, Reisen, Kinder, Technik, Unterhaltung, etc. an! Entdecken Sie eine gro\u00dfe Auswahl an hochwertigen Produkten, die sich durch ihre Funktionalit\u00e4t, ihre Effizienz und ihr innovatives Design auszeichnen, wie zum Beispiel der <b>zusammenklappbare Tunnel f\u00fcr Haustiere Funnyl InnovaGoods<\/b>!<\/p>\n<p>Der <b>Funnyl InnovaGoods faltbare Katzentunnel <\/b>ist ideal f\u00fcr Katzen zum Spielen, Schlafen, Verstecken, etc. Dieser <b>Katzentunnel&nbsp;<\/b>nimmt verschiedene Formen an, sobald er aufgeklappt ist, und motiviert das Tier<br \/>\nso, dass es ihm nicht langweilig wird und es jeden Tag neue Abenteuer in seinem<br \/>\ngeheimen R\u00fcckzugsort erleben kann. Er verf\u00fcgt au\u00dferdem \u00fcber zwei L\u00f6cher, damit die Katze sich anlehnen und hinausschauen kann,<br \/>\nden Tunnel betreten und verlassen kann.    <\/p>\n<\/p>\n<ul>\n<li>Faltbares Design,<br \/>\nhochwertige Materialien<\/li>\n<li>Modern, elegant,<br \/>\nleicht, vielseitig, anpassungsf\u00e4hig<\/li>\n<li>Wasserdicht, f\u00fcr Innenr\u00e4ume<br \/>\nund f\u00fcr den Au\u00dfeneinsatz<\/li>\n<li>2 Positionen:<br \/>\ngerade oder in U-Form gefaltet<\/li>\n<li>Lang und breit:<br \/>\n114 cm in der L\u00e4nge und 25 cm im Durchmesser<\/li>\n<li>2 Beobachtungsfenster<br \/>\n, Eingang und Ausgang f\u00fcr Ihr Haustier<\/li>\n<li>Mehrzweck:<br \/>\nRuhe, Verstecken, Spiel, Spa\u00df, Unterhaltung&#8230;<\/li>\n<li>Zusammengeklappt nimmt er<br \/>\nwenig Platz ein und l\u00e4sst sich leicht transportieren und lagern.<\/li>\n<\/ul>\n<p>Dieses <b>Katzenspielzeug <\/b>ist sehr einfach zu<br \/>\nbenutzen, zusammenzulegen und zu entfalten. Dank der Befestigungskn\u00f6pfe l\u00e4sst es sich leicht zusammenfalten,<br \/>\num den Platz optimal zu nutzen und die Aufbewahrung oder den Transport auf Reisen, bei Aktivit\u00e4ten im Freien usw. zu erleichtern<br \/>\n. <\/p>\n<p>Er kann gerade in L\u00e4ngsrichtung aufgestellt oder<br \/>\nin U-Form gefaltet werden. Er l\u00e4sst sich auch leicht von Hand mit einem<br \/>\nTuch, lauwarmem Wasser und Seife reinigen. <\/p>\n<\/p>\n<ul>\n<li>Material: Polyester<\/li>\n<li>Farbe: Grau<\/li>\n<li>Art: Katzenspielzeug<\/li>\n<li>Modernes, elegantes Design: Innovativ und funktionell<\/li>\n<li>Multifunktional: Verschiedene Verwendungszwecke und R\u00e4ume<\/li>\n<li>Multi-Position: Vielseitig und anpassungsf\u00e4hig<\/li>\n<li>Zusammenklappbar: Leicht zu transportieren und zu lagern<\/li>\n<li>Originell und tragbar: Leicht und handlich<\/li>\n<li>Einfach zu bedienen: Bequem und einfach zu bedienen<\/li>\n<li>Eigenschaften: Wasserbest\u00e4ndig<\/li>\n<li>Eigenschaften: Innen- und Au\u00dfeneinsatz<\/li>\n<li>Ungef\u00e4hre Abmessungen: \u00d825 x 114 cm <\/li>\n<li>Verpackung in 24 Sprachen: Englisch, Franz\u00f6sisch, Spanisch, Deutsch, Italienisch, Portugiesisch, Niederl\u00e4ndisch, Polnisch, Ungarisch, Rum\u00e4nisch, D\u00e4nisch, Schwedisch, Finnisch, Litauisch, Norwegisch, Slowenisch, Griechisch, Tschechisch, Bulgarisch, Kroatisch, Slowakisch, Estnisch, Russisch und Lettisch<\/li>\n<\/ul>\n<p>Verpackung in 24 Sprachen: Englisch, Franz\u00f6sisch, Spanisch, Deutsch, Italienisch, Portugiesisch, Niederl\u00e4ndisch, Polnisch, Ungarisch, Rum\u00e4nisch, D\u00e4nisch, Schwedisch, Finnisch, Litauisch, Norwegisch, Slowenisch, Griechisch, Tschechisch, Bulgarisch, Kroatisch, Slowakisch, Estnisch, Russisch und Lettisch.<\/p><\/div>\n<div class=\"col-md-6\">\n<div class=\"embed-responsive embed-responsive-16by9\"><iframe class=\"embed-responsive-item\" src=\"https:\/\/www.youtube.com\/embed\/fWmPM15fzkM\" frameborder=\"0\" allowfullscreen=\"\"><\/iframe><\/div>\n<\/div>\n","protected":false},"excerpt":{"rendered":"<p>Wenn Sie sich f\u00fcr die Welt der Gadgets begeistern, bietet Ihnen InnovaGoods die besten und originellsten Neuheiten f\u00fcr Haus, Auto, Reisen, Kinder, Technik, Unterhaltung, etc. an! Entdecken Sie eine gro\u00dfe Auswahl an hochwertigen Produkten, die sich durch ihre Funktionalit\u00e4t, ihre Effizienz und ihr innovatives Design auszeichnen, wie zum Beispiel der zusammenklappbare Tunnel f\u00fcr Haustiere Funnyl [&hellip;]<\/p>\n","protected":false},"featured_media":70045,"comment_status":"open","ping_status":"closed","template":"","meta":{"_acf_changed":false},"product_brand":[],"product_cat":[270,263,264,271,269,292,267],"product_tag":[286],"class_list":{"0":"post-69493","1":"product","2":"type-product","3":"status-publish","4":"has-post-thumbnail","6":"product_cat-geschenke-fur-das-haus","7":"product_cat-haus-garten","8":"product_cat-haustiere","9":"product_cat-ideen-fur-zuhause","10":"product_cat-originelle-geschenke","11":"product_cat-spielzeug","12":"product_cat-teleshopping-wie-im-fernsehen-gesehen","13":"product_tag-heise-angebote","15":"first","16":"instock","17":"shipping-taxable","18":"purchasable","19":"product-type-simple"},"acf":[],"aioseo_notices":[],"_links":{"self":[{"href":"https:\/\/comfycat.com\/de\/wp-json\/wp\/v2\/product\/69493","targetHints":{"allow":["GET"]}}],"collection":[{"href":"https:\/\/comfycat.com\/de\/wp-json\/wp\/v2\/product"}],"about":[{"href":"https:\/\/comfycat.com\/de\/wp-json\/wp\/v2\/types\/product"}],"replies":[{"embeddable":true,"href":"https:\/\/comfycat.com\/de\/wp-json\/wp\/v2\/comments?post=69493"}],"wp:featuredmedia":[{"embeddable":true,"href":"https:\/\/comfycat.com\/de\/wp-json\/wp\/v2\/media\/70045"}],"wp:attachment":[{"href":"https:\/\/comfycat.com\/de\/wp-json\/wp\/v2\/media?parent=69493"}],"wp:term":[{"taxonomy":"product_brand","embeddable":true,"href":"https:\/\/comfycat.com\/de\/wp-json\/wp\/v2\/product_brand?post=69493"},{"taxonomy":"product_cat","embeddable":true,"href":"https:\/\/comfycat.com\/de\/wp-json\/wp\/v2\/product_cat?post=69493"},{"taxonomy":"product_tag","embeddable":true,"href":"https:\/\/comfycat.com\/de\/wp-json\/wp\/v2\/product_tag?post=69493"}],"curies":[{"name":"wp","href":"https:\/\/api.w.org\/{rel}","templated":true}]}}