{"id":69488,"date":"2025-11-11T08:41:39","date_gmt":"2025-11-11T08:41:39","guid":{"rendered":"https:\/\/comfycat.com\/product\/anti-stress-pet-bed-bepess\/"},"modified":"2026-04-15T13:59:05","modified_gmt":"2026-04-15T13:59:05","slug":"anti-stress-pet-bed-bepess","status":"publish","type":"product","link":"https:\/\/comfycat.com\/de\/produkt\/anti-stress-pet-bed-bepess\/","title":{"rendered":"Anti-Stress-Haustierbett Bepess InnovaGoods \u00d8 60 cm"},"content":{"rendered":"<div class=\"col-md-6\">Wenn Sie sich f\u00fcr die Welt der Gadgets begeistern, bietet Ihnen <b>InnovaGoods<\/b> die besten und originellsten Neuheiten f\u00fcr Haus, Auto, Reisen, Kinder, Technik, Unterhaltung, etc. an! Entdecken Sie eine gro\u00dfe Auswahl an hochwertigen Produkten, die sich durch ihre Funktionalit\u00e4t, ihre Effizienz und ihr innovatives Design auszeichnen, wie zum Beispiel das <b>Anti-Stress Haustierbett Bepess InnovaGoods \u00d8 60 cm<\/b>!<\/p>\n<p>Das <b>Bepess<br \/>\nInnovaGoods Anti-Stress-Bett f\u00fcr Haustiere<\/b> hilft, den Stress<br \/>\nund die \u00c4ngste der Tiere zu reduzieren und zu lindern, indem es ein angenehmes Gef\u00fchl von Ruhe und<br \/>\nWohlbefinden vermittelt. Dieses bequeme und weiche <b>Bett f\u00fcr Haustiere <\/b>ist ideal f\u00fcr<br \/>\nentspanntere Tiere, damit sie besser schlafen und sich ausruhen k\u00f6nnen, indem sie ihren Kopf auf der<br \/>\nerh\u00f6hten Kante in v\u00f6lligem Komfort st\u00fctzen. <\/p>\n<\/p>\n<ul>\n<li>Hergestellt aus Polyester<br \/>\n(95%) und Oxford-Gewebe (5%)<\/li>\n<li>Modernes, robustes und<br \/>\nelegantes Design, Farbe grau<\/li>\n<li><b>Bett f\u00fcr Hunde, Katzen<br \/>\nund andere Haustiere  <\/b><\/li>\n<li><b>Runde Form mit<br \/>\nerh\u00f6htem Rand <\/b>(ca.: \u00d8 60 x 18 cm)<\/li>\n<li><b>Extra-weich, schwammig,<br \/>\nflauschig, warm, ultraleicht<\/b><\/li>\n<li><b>\u00c4u\u00dferst<br \/>\nkomfortabel, gem\u00fctlich <\/b>und angenehm anzufassen<\/li>\n<li><b>Rutschfester und<br \/>\nwasserfester Boden<\/b><\/li>\n<li><b>Entspannend und<br \/>\nberuhigend, f\u00f6rdert Schlaf und Ruhe<\/b><\/li>\n<li><b>Verwendung empfohlen f\u00fcr mittelgro\u00dfe Haustiere<\/b><\/li>\n<li>Einfache Reinigung per Hand<br \/>\nWaschen<\/li>\n<li><b>Vakuumverpackt, <\/b>leicht zu transportieren und zu lagern<\/li>\n<\/ul>\n<p>Dieses <b>runde Bett<br \/>\nmit erh\u00f6htem Rand <\/b>vermittelt dem<br \/>\nTier ein Gef\u00fchl von Sicherheit und Schutz und st\u00fctzt Kopf und Nacken wie ein Kissen. Dar\u00fcber hinaus macht<br \/>\nmit seiner gro\u00dfz\u00fcgigen Innenf\u00fcllung und seiner ultraweichen Oberfl\u00e4che mit versteckten N\u00e4hten dieses<br \/>\nzum Bett, von dem jedes Haustier tr\u00e4umt. <\/p>\n<p>Dieses <b>Anti-Stress-Bett f\u00fcr Haustiere<br \/>\n<\/b>ist in der Box vakuumverpackt. Wenn Sie den Karton \u00f6ffnen und es<br \/>\naus der Verpackung nehmen, m\u00fcssen Sie es ausbreiten, sch\u00fctteln und ca. 4<br \/>\nStunden warten, bis es seine optimale und normale Form angenommen hat. Wir empfehlen, ein Spielzeug<br \/>\nauf das Bett zu legen, damit die Haustiere nicht an den Kanten kauen und um Besch\u00e4digungen und<br \/>\nVerschlechterungen zu vermeiden.  <\/p>\n<\/p>\n<ul>\n<li>Material:\n<ul>\n<li>Polyester<\/li>\n<li>Oxford-Gewebe<\/li>\n<\/ul>\n<\/li>\n<li>Farbe: Grau<\/li>\n<li>Typ: Bett f\u00fcr Haustiere<\/li>\n<li>Die Form: Kreisf\u00f6rmig<\/li>\n<li>Modernes, elegantes Design: Innovativ und funktionell<\/li>\n<li>Bequem und komfortabel: Weiche und angenehme Ber\u00fchrung<\/li>\n<li>Rutschfester Boden: Wasserfeste Oberfl\u00e4che<\/li>\n<li>Ultraleicht: Leicht zu transportieren und zu lagern<\/li>\n<li>Leicht zu reinigen: Mit der Hand waschen<\/li>\n<li>Geeignet f\u00fcr Hunde und andere Haustiere: Kleine und mittlere Haustiere<\/li>\n<li>Eigenschaften: Unterst\u00fctzt Schlaf und Ruhe<\/li>\n<li>Wohltuende Wirkungen: Entspannende und beruhigende Eigenschaften<\/li>\n<li>Ungef\u00e4hrer Durchmesser: \u00d8 60 cm <\/li>\n<li>H\u00f6he: ca. 18 cm <\/li>\n<li>Verpackung: Vakuum verpackt<\/li>\n<li>Verpackung in 24 Sprachen: Englisch, Franz\u00f6sisch, Spanisch, Deutsch, Italienisch, Portugiesisch, Niederl\u00e4ndisch, Polnisch, Ungarisch, Rum\u00e4nisch, D\u00e4nisch, Schwedisch, Finnisch, Litauisch, Norwegisch, Slowenisch, Griechisch, Tschechisch, Bulgarisch, Kroatisch, Slowakisch, Estnisch, Russisch und Lettisch<\/li>\n<\/ul>\n<p>Verpackung in 24 Sprachen: Englisch, Franz\u00f6sisch, Spanisch, Deutsch, Italienisch, Portugiesisch, Niederl\u00e4ndisch, Polnisch, Ungarisch, Rum\u00e4nisch, D\u00e4nisch, Schwedisch, Finnisch, Litauisch, Norwegisch, Slowenisch, Griechisch, Tschechisch, Bulgarisch, Kroatisch, Slowakisch, Estnisch, Russisch und Lettisch.<\/p><\/div>\n<div class=\"col-md-6\">\n<div class=\"embed-responsive embed-responsive-16by9\"><iframe class=\"embed-responsive-item\" src=\"https:\/\/www.youtube.com\/embed\/cxD11zegWxQ\" frameborder=\"0\" allowfullscreen=\"\"><\/iframe><\/div>\n<\/div>\n","protected":false},"excerpt":{"rendered":"<p>Wenn Sie sich f\u00fcr die Welt der Gadgets begeistern, bietet Ihnen InnovaGoods die besten und originellsten Neuheiten f\u00fcr Haus, Auto, Reisen, Kinder, Technik, Unterhaltung, etc. an! Entdecken Sie eine gro\u00dfe Auswahl an hochwertigen Produkten, die sich durch ihre Funktionalit\u00e4t, ihre Effizienz und ihr innovatives Design auszeichnen, wie zum Beispiel das Anti-Stress Haustierbett Bepess InnovaGoods \u00d8 [&hellip;]<\/p>\n","protected":false},"featured_media":70051,"comment_status":"open","ping_status":"closed","template":"","meta":{"_acf_changed":false},"product_brand":[],"product_cat":[302,263,264],"product_tag":[286,456],"class_list":{"0":"post-69488","1":"product","2":"type-product","3":"status-publish","4":"has-post-thumbnail","6":"product_cat-betten-und-matratzen","7":"product_cat-haus-garten","8":"product_cat-haustiere","9":"product_tag-heise-angebote","10":"product_tag-tag_587-de","12":"first","13":"instock","14":"shipping-taxable","15":"purchasable","16":"product-type-simple"},"acf":[],"aioseo_notices":[],"_links":{"self":[{"href":"https:\/\/comfycat.com\/de\/wp-json\/wp\/v2\/product\/69488","targetHints":{"allow":["GET"]}}],"collection":[{"href":"https:\/\/comfycat.com\/de\/wp-json\/wp\/v2\/product"}],"about":[{"href":"https:\/\/comfycat.com\/de\/wp-json\/wp\/v2\/types\/product"}],"replies":[{"embeddable":true,"href":"https:\/\/comfycat.com\/de\/wp-json\/wp\/v2\/comments?post=69488"}],"wp:featuredmedia":[{"embeddable":true,"href":"https:\/\/comfycat.com\/de\/wp-json\/wp\/v2\/media\/70051"}],"wp:attachment":[{"href":"https:\/\/comfycat.com\/de\/wp-json\/wp\/v2\/media?parent=69488"}],"wp:term":[{"taxonomy":"product_brand","embeddable":true,"href":"https:\/\/comfycat.com\/de\/wp-json\/wp\/v2\/product_brand?post=69488"},{"taxonomy":"product_cat","embeddable":true,"href":"https:\/\/comfycat.com\/de\/wp-json\/wp\/v2\/product_cat?post=69488"},{"taxonomy":"product_tag","embeddable":true,"href":"https:\/\/comfycat.com\/de\/wp-json\/wp\/v2\/product_tag?post=69488"}],"curies":[{"name":"wp","href":"https:\/\/api.w.org\/{rel}","templated":true}]}}