{"id":69333,"date":"2025-07-01T15:08:00","date_gmt":"2025-07-01T15:08:00","guid":{"rendered":"https:\/\/comfycat.com\/product\/automatic-cat-water-fountain\/"},"modified":"2026-04-17T10:05:29","modified_gmt":"2026-04-17T10:05:29","slug":"automatic-cat-water-fountain","status":"publish","type":"product","link":"https:\/\/comfycat.com\/de\/produkt\/automatic-cat-water-fountain\/","title":{"rendered":"Haustier-Wasserbrunnen Drinkatt InnovaGoods"},"content":{"rendered":"<div class=\"col-md-6\">Wenn Sie sich f\u00fcr die Welt der Gadgets begeistern, bietet <b>InnovaGoods<\/b> Ihnen die besten und originellsten Neuheiten f\u00fcr Haus, Auto, Reisen, Kinder, Technik, Unterhaltung usw.! Entdecken Sie eine gro\u00dfe Auswahl an hochwertigen Produkten, die sich durch ihre Funktionalit\u00e4t, ihre Effizienz und ihr innovatives Design auszeichnen, wie der <b>Pet Water Fountain Drinkatt InnovaGoods<\/b>!<\/p>\n<p>Der <b>Drinkatt<br \/>\nInnovaGoods Trinkbrunnen f\u00fcr Haustiere<\/b> bietet qualitativ hochwertigeres, frischeres und saubereres Wasser<br \/>\n, damit die Tiere bequem und sicher trinken und ihren Durst stillen k\u00f6nnen. Seine<br \/>\ninterne Pumpe erm\u00f6glicht einen kontinuierlichen Wasserfluss, so dass das Wasser in<br \/>\nst\u00e4ndiger Bewegung ist. Es umfasst auch mehrere optionale Filter f\u00fcr eine weitere<br \/>\nReinigung des Wassers, falls gew\u00fcnscht.  <\/p>\n<p>Dieser <b>Springbrunnen<br \/>\nf\u00fcr Katzen und andere Haustiere<\/b> verf\u00fcgt \u00fcber 3 verschiedene Arten des Wasserflusses und ist sehr leise, so dass<br \/>\nTiere in Ruhe trinken k\u00f6nnen, ohne durch Ger\u00e4usche gest\u00f6rt zu werden, die sie<br \/>\nerschrecken k\u00f6nnten. Obwohl er ideal f\u00fcr Katzen ist, da sie lieber aus flie\u00dfendem Wasser trinken<br \/>\n(im Gegensatz zu stehendem Wasser), ist er auch f\u00fcr Hunde, Kaninchen, V\u00f6gel<br \/>\nund andere Haustiere geeignet. <\/p>\n<\/p>\n<ul>\n<li><b>Trinkbrunnen f\u00fcr Haustiere<\/b><\/li>\n<li>Vorderseite Wasser<br \/>\nPegelsucher<\/li>\n<li><b>Pumpe mit USB-Anschlusskabel<\/b><\/li>\n<li>Geringer Stromverbrauch<br \/>\n(1 W), energiesparend<\/li>\n<li><b>System f\u00fcr kontinuierlichen Wasserfluss<\/b><\/li>\n<li><b>Frischeres und saubereres flie\u00dfendes Wasser<\/b><\/li>\n<li>Gro\u00dfer Trinkbereich<br \/>\n, 360\u00ba Zugang<\/li>\n<li><b>2 Filter f\u00fcr die Pumpe (1 + 1 Ersatzfilter)<\/b><\/li>\n<li><b>3 Wasserauslassfilter (1 + 2 Ersatzteile)<\/b><\/li>\n<li>Maximale<br \/>\nReinigung: Filtern von Verunreinigungen<\/li>\n<li><b>Tr\u00e4gt zur Verbesserung der Wasserqualit\u00e4t bei<\/b><\/li>\n<li><b>3 Arten von Str\u00f6mung: Wasserfall, Quelle,<br \/>\nfountain<\/b><\/li>\n<li><b>Leise, keine Ger\u00e4usche, damit Ihr Haustier in Ruhe trinken kann<\/b><\/li>\n<li>Gro\u00dfes Fassungsverm\u00f6gen:<br \/>\n3 L, Wasserdurchsatz: bis zu 100 L\/Std.<\/li>\n<li>Modernes Design,<br \/>\nOriginal, tragbar, einfach zu bedienen<\/li>\n<li>Totaler Komfort<br \/>\nund Sicherheit: automatische Abschaltung<\/li>\n<li><b>Ideal f\u00fcr Katzen, Hunde und andere Haustiere<\/b><\/li>\n<li>Anleitung f\u00fcr<br \/>\nMontage, einfache Installation und Reinigung<\/li>\n<\/ul>\n<p>Ein <b>automatischer<br \/>\nTrinkwasserbrunnen f\u00fcr Haustiere<\/b>, der aus mehreren Komponenten besteht, die<br \/>\nanhand der beiliegenden Anleitung leicht zusammengesetzt werden k\u00f6nnen. Das mitgelieferte<br \/>\nKlebeband h\u00e4lt den Deckel und den Beh\u00e4lter w\u00e4hrend des Transports zusammen. Die 2 Schwammfilter<br \/>\nf\u00fcr die Pumpe sind waschbar und wiederverwendbar. Die 3 Filter f\u00fcr den Wasserauslass<br \/>\nhaben eine ungef\u00e4hre Lebensdauer von jeweils 3-4 Monaten. Er kann auch ohne<br \/>\nFilter verwendet werden.    <\/p>\n<p>Dieser <b><br \/>\nWasserspender f\u00fcr Tiere<\/b> funktioniert \u00fcber einen USB-Anschluss. Die Art und Weise, wie das Wasser<br \/>\nflie\u00dft, kann durch Abnehmen der Auslaufkappe oder durch vollst\u00e4ndiges Entfernen des Auslaufs<br \/>\nge\u00e4ndert werden. \u00dcber den Sucher an der Vorderseite kann die verbleibende Wassermenge<br \/>\njederzeit abgelesen werden, so dass der Brunnen bei Bedarf nachgef\u00fcllt werden kann.<br \/>\nErreicht das Wasser einen Mindeststand, stoppt der Brunnen automatisch, bis er<br \/>\nwieder aufgef\u00fcllt wird. F\u00fcr eine optimale Hygiene ist es ratsam, den Springbrunnen<br \/>\nzu reinigen und das Wasser mindestens einmal pro Woche zu wechseln.   <\/p>\n<\/p>\n<ul>\n<li>Material: Polypropylen<\/li>\n<li>Farbe:\n<ul>\n<li>Wei\u00df<\/li>\n<li>Grau<\/li>\n<\/ul>\n<\/li>\n<li>Originelles und tragbares Design: Innovativ und funktionell<\/li>\n<li>Typ: Wasserspender\/Wasserbrunnen<\/li>\n<li>Fassungsverm\u00f6gen: 3 l<\/li>\n<li>3 Einstellungen: 3 Arten des Wasserflusses<\/li>\n<li>Wasserdurchfluss: 100 L\/h<\/li>\n<li>Merkmale: Leise<\/li>\n<li>Automatische Abschaltung: Ja<\/li>\n<li>Eigenschaften: Verbessert die Wasserqualit\u00e4t<\/li>\n<li>Enth\u00e4lt: Satz Filter<\/li>\n<li>Gereinigtes Wasser: Filtert Wasserverunreinigungen<\/li>\n<li>Wasserstandsanzeige: Einfacher und schneller Blick auf den Inhalt<\/li>\n<li>Hauptverwendung: Katzen<\/li>\n<li>Zweitverwendung: Geeignet f\u00fcr Hunde und andere Haustiere<\/li>\n<li>Einfach zu bedienen: Bequem und einfach zu bedienen<\/li>\n<li>Leicht und handlich: Leicht zu transportieren und zu lagern<\/li>\n<li>Abnehmbar: Leicht zu reinigen<\/li>\n<li>Einfach zu montieren: Montageanleitung<\/li>\n<li>Typ des Steckers: USB<\/li>\n<li>Kabell\u00e4nge: 150 cm<\/li>\n<li>Niedriger Verbrauch: Energieeinsparung<\/li>\n<li>Leistung: 1 W<\/li>\n<li>DC Eingang: 5 V \/ 1 A<\/li>\n<li>Ungef\u00e4hre Ma\u00dfe: 19 x 15 x 19 cm <\/li>\n<li>Verpackung und Handbuch in 24 Sprachen: Englisch, Franz\u00f6sisch, Spanisch, Deutsch, Italienisch, Portugiesisch, Niederl\u00e4ndisch, Polnisch, Ungarisch, Rum\u00e4nisch, D\u00e4nisch, Schwedisch, Finnisch, Litauisch, Norwegisch, Slowenisch, Griechisch, Tschechisch, Bulgarisch, Kroatisch, Slowakisch, Estnisch, Russisch und Lettisch<\/li>\n<\/ul>\n<p>Verpackung und Handbuch in 24 Sprachen: Englisch, Franz\u00f6sisch, Spanisch, Deutsch, Italienisch, Portugiesisch, Niederl\u00e4ndisch, Polnisch, Ungarisch, Rum\u00e4nisch, D\u00e4nisch, Schwedisch, Finnisch, Litauisch, Norwegisch, Slowenisch, Griechisch, Tschechisch, Bulgarisch, Kroatisch, Slowakisch, Estnisch, Russisch und Lettisch.<\/p><\/div>\n<div class=\"col-md-6\">\n<div class=\"embed-responsive embed-responsive-16by9\"><iframe class=\"embed-responsive-item\" src=\"https:\/\/www.youtube.com\/embed\/_hsZHA1bx2o\" frameborder=\"0\" allowfullscreen=\"\"><\/iframe><\/div>\n<\/div>\n","protected":false},"excerpt":{"rendered":"<p><span class=\"unit-info\">8.3700 \u20ac \/ 1 l<\/span><\/p>\n","protected":false},"featured_media":58785,"comment_status":"open","ping_status":"closed","template":"","meta":{"_acf_changed":false},"product_brand":[],"product_cat":[263,264,265],"product_tag":[272,286],"class_list":{"0":"post-69333","1":"product","2":"type-product","3":"status-publish","4":"has-post-thumbnail","6":"product_cat-haus-garten","7":"product_cat-haustiere","8":"product_cat-trinker-und-futterer","9":"product_tag-hardware","10":"product_tag-heise-angebote","12":"first","13":"outofstock","14":"sale","15":"shipping-taxable","16":"purchasable","17":"product-type-simple"},"acf":[],"aioseo_notices":[],"_links":{"self":[{"href":"https:\/\/comfycat.com\/de\/wp-json\/wp\/v2\/product\/69333","targetHints":{"allow":["GET"]}}],"collection":[{"href":"https:\/\/comfycat.com\/de\/wp-json\/wp\/v2\/product"}],"about":[{"href":"https:\/\/comfycat.com\/de\/wp-json\/wp\/v2\/types\/product"}],"replies":[{"embeddable":true,"href":"https:\/\/comfycat.com\/de\/wp-json\/wp\/v2\/comments?post=69333"}],"wp:featuredmedia":[{"embeddable":true,"href":"https:\/\/comfycat.com\/de\/wp-json\/wp\/v2\/media\/58785"}],"wp:attachment":[{"href":"https:\/\/comfycat.com\/de\/wp-json\/wp\/v2\/media?parent=69333"}],"wp:term":[{"taxonomy":"product_brand","embeddable":true,"href":"https:\/\/comfycat.com\/de\/wp-json\/wp\/v2\/product_brand?post=69333"},{"taxonomy":"product_cat","embeddable":true,"href":"https:\/\/comfycat.com\/de\/wp-json\/wp\/v2\/product_cat?post=69333"},{"taxonomy":"product_tag","embeddable":true,"href":"https:\/\/comfycat.com\/de\/wp-json\/wp\/v2\/product_tag?post=69333"}],"curies":[{"name":"wp","href":"https:\/\/api.w.org\/{rel}","templated":true}]}}