{"id":64466,"date":"2025-11-11T10:44:22","date_gmt":"2025-11-11T10:44:22","guid":{"rendered":"https:\/\/comfycat.com\/product\/brush-andis-plastic-blades-51-x-37-x-33-cm-back-up-1\/"},"modified":"2026-04-09T08:48:27","modified_gmt":"2026-04-09T08:48:27","slug":"brush-andis-plastic-blades-51-x-37-x-33-cm-back-up-1","status":"publish","type":"product","link":"https:\/\/comfycat.com\/de\/produkt\/brush-andis-plastic-blades-51-x-37-x-33-cm-back-up-1\/","title":{"rendered":"B\u00fcrste Trixie Katze"},"content":{"rendered":"<p>Wenn Sie auf der Suche nach neuen Markttrends sind, pr\u00e4sentieren wir Ihnen die <b>Brush Trixie Cat<\/b>!<\/p>\n<ul>\n<li>Modell: Katze<\/li>\n<li>Eigenschaften: Weich<\/li>\n<li>Ungef\u00e4hre Abmessungen: 7 \u00d7 16 cm <\/li>\n<\/ul>\n","protected":false},"excerpt":{"rendered":"<p>Wenn Sie auf der Suche nach neuen Markttrends sind, pr\u00e4sentieren wir Ihnen die Brush Trixie Cat! Modell: Katze Eigenschaften: Weich Ungef\u00e4hre Abmessungen: 7 \u00d7 16 cm<\/p>\n","protected":false},"featured_media":76937,"comment_status":"open","ping_status":"closed","template":"","meta":{"_acf_changed":false},"product_brand":[],"product_cat":[263,264,268],"product_tag":[],"class_list":{"0":"post-64466","1":"product","2":"type-product","3":"status-publish","4":"has-post-thumbnail","6":"product_cat-haus-garten","7":"product_cat-haustiere","8":"product_cat-wohlbefinden-und-hygiene","10":"first","11":"outofstock","12":"shipping-taxable","13":"purchasable","14":"product-type-simple"},"acf":[],"aioseo_notices":[],"_links":{"self":[{"href":"https:\/\/comfycat.com\/de\/wp-json\/wp\/v2\/product\/64466","targetHints":{"allow":["GET"]}}],"collection":[{"href":"https:\/\/comfycat.com\/de\/wp-json\/wp\/v2\/product"}],"about":[{"href":"https:\/\/comfycat.com\/de\/wp-json\/wp\/v2\/types\/product"}],"replies":[{"embeddable":true,"href":"https:\/\/comfycat.com\/de\/wp-json\/wp\/v2\/comments?post=64466"}],"wp:featuredmedia":[{"embeddable":true,"href":"https:\/\/comfycat.com\/de\/wp-json\/wp\/v2\/media\/76937"}],"wp:attachment":[{"href":"https:\/\/comfycat.com\/de\/wp-json\/wp\/v2\/media?parent=64466"}],"wp:term":[{"taxonomy":"product_brand","embeddable":true,"href":"https:\/\/comfycat.com\/de\/wp-json\/wp\/v2\/product_brand?post=64466"},{"taxonomy":"product_cat","embeddable":true,"href":"https:\/\/comfycat.com\/de\/wp-json\/wp\/v2\/product_cat?post=64466"},{"taxonomy":"product_tag","embeddable":true,"href":"https:\/\/comfycat.com\/de\/wp-json\/wp\/v2\/product_tag?post=64466"}],"curies":[{"name":"wp","href":"https:\/\/api.w.org\/{rel}","templated":true}]}}