{"id":64071,"date":"2025-11-11T08:59:00","date_gmt":"2025-11-11T08:59:00","guid":{"rendered":"https:\/\/comfycat.com\/product\/collapsible-pet-tunnel-funnylback-up-1\/"},"modified":"2026-04-09T08:41:30","modified_gmt":"2026-04-09T08:41:30","slug":"collapsible-pet-tunnel-funnylback-up-1","status":"publish","type":"product","link":"https:\/\/comfycat.com\/de\/produkt\/collapsible-pet-tunnel-funnylback-up-1\/","title":{"rendered":"Zusammenklappbarer Haustiertunnel Trixie Gr\u00fcn Grau \u00d8 15 \u00d7 35 CM"},"content":{"rendered":"<p>Wenn Sie auf der Suche nach den neuesten Markttrends sind, pr\u00e4sentieren wir Ihnen den <b>zusammenklappbaren Tunnel f\u00fcr Haustiere Trixie Gr\u00fcn Grau \u00d8 15 \u00d7 35 CM<\/b>!<\/p>\n<ul>\n<li>Farbe:\n<ul>\n<li>Gr\u00fcn<\/li>\n<li>Grau<\/li>\n<\/ul>\n<\/li>\n<li>Ungef\u00e4hre Abmessungen: \u00d8 15 \u00d7 35 CM <\/li>\n<li>Haustier: Meerschweinchen<\/li>\n<li>Material: Polyester<\/li>\n<\/ul>\n","protected":false},"excerpt":{"rendered":"<p>Wenn Sie auf der Suche nach den neuesten Markttrends sind, pr\u00e4sentieren wir Ihnen den zusammenklappbaren Tunnel f\u00fcr Haustiere Trixie Gr\u00fcn Grau \u00d8 15 \u00d7 35 CM! Farbe: Gr\u00fcn Grau Ungef\u00e4hre Abmessungen: \u00d8 15 \u00d7 35 CM Haustier: Meerschweinchen Material: Polyester<\/p>\n","protected":false},"featured_media":77006,"comment_status":"open","ping_status":"closed","template":"","meta":{"_acf_changed":false},"product_brand":[],"product_cat":[263,264,292],"product_tag":[],"class_list":{"0":"post-64071","1":"product","2":"type-product","3":"status-publish","4":"has-post-thumbnail","6":"product_cat-haus-garten","7":"product_cat-haustiere","8":"product_cat-spielzeug","10":"first","11":"instock","12":"shipping-taxable","13":"purchasable","14":"product-type-simple"},"acf":[],"aioseo_notices":[],"_links":{"self":[{"href":"https:\/\/comfycat.com\/de\/wp-json\/wp\/v2\/product\/64071","targetHints":{"allow":["GET"]}}],"collection":[{"href":"https:\/\/comfycat.com\/de\/wp-json\/wp\/v2\/product"}],"about":[{"href":"https:\/\/comfycat.com\/de\/wp-json\/wp\/v2\/types\/product"}],"replies":[{"embeddable":true,"href":"https:\/\/comfycat.com\/de\/wp-json\/wp\/v2\/comments?post=64071"}],"wp:featuredmedia":[{"embeddable":true,"href":"https:\/\/comfycat.com\/de\/wp-json\/wp\/v2\/media\/77006"}],"wp:attachment":[{"href":"https:\/\/comfycat.com\/de\/wp-json\/wp\/v2\/media?parent=64071"}],"wp:term":[{"taxonomy":"product_brand","embeddable":true,"href":"https:\/\/comfycat.com\/de\/wp-json\/wp\/v2\/product_brand?post=64071"},{"taxonomy":"product_cat","embeddable":true,"href":"https:\/\/comfycat.com\/de\/wp-json\/wp\/v2\/product_cat?post=64071"},{"taxonomy":"product_tag","embeddable":true,"href":"https:\/\/comfycat.com\/de\/wp-json\/wp\/v2\/product_tag?post=64071"}],"curies":[{"name":"wp","href":"https:\/\/api.w.org\/{rel}","templated":true}]}}