{"id":64065,"date":"2025-11-05T09:52:26","date_gmt":"2025-11-05T09:52:26","guid":{"rendered":"https:\/\/comfycat.com\/product\/rechargeable-cat-water-fountain-with-sensor-refopet-innovagoods\/"},"modified":"2026-03-16T14:01:37","modified_gmt":"2026-03-16T14:01:37","slug":"rechargeable-cat-water-fountain-with-sensor-refopet-innovagoods","status":"publish","type":"product","link":"https:\/\/comfycat.com\/de\/produkt\/rechargeable-cat-water-fountain-with-sensor-refopet-innovagoods\/","title":{"rendered":"Wiederaufladbarer Katzenwasserbrunnen mit Sensor Refopet InnovaGoods"},"content":{"rendered":"<div class=\"col-md-6\">Wenn Sie sich f\u00fcr die Welt der Gadgets begeistern, bietet Ihnen <b>InnovaGoods<\/b> die besten und originellsten Neuheiten f\u00fcr Haus, Auto, Reisen, Kinder, Technik, Unterhaltung, etc. an! Entdecken Sie eine gro\u00dfe Auswahl an hochwertigen Produkten, die sich durch ihre Funktionalit\u00e4t, ihre Effizienz und ihr innovatives Design auszeichnen, wie der <b>wiederaufladbare Katzenbrunnen mit Sensor Refopet InnovaGoods<\/b>!<\/p>\n<p>Dieser <b>wiederaufladbare Katzenbrunnen mit Bewegungssensor<\/b> erm\u00f6glicht es Haustieren, bequem frisches und sauberes Wasser von besserer Qualit\u00e4t zu trinken. Ger\u00e4uschlos, tragbar, 3-Liter-Tank, leicht zu reinigen. Inklusive 3 Filter und USB-C-Kabel. Durchfluss: 12 L\/h.   <\/p>\n<p>Ein moderner <b>Wasserbrunnen f\u00fcr Haustiere,<\/b> ideal f\u00fcr Katzen, da sie es vorziehen, bewegtes Wasser zu trinken (nicht stilles), obwohl er auch f\u00fcr Hunde, Kaninchen, V\u00f6gel usw. geeignet ist.<\/p>\n<ul>\n<li><b>Wasserbrunnen f\u00fcr Katzen und andere Haustiere<\/b>: Unser Wasserbrunnen f\u00fcr Haustiere ist perfekt f\u00fcr Tiere, um ihren Durst mit Wasser bester Qualit\u00e4t zu stillen. Obwohl er ideal f\u00fcr Katzen ist, da sie es bevorzugen, bewegtes Wasser zu trinken (nicht stilles), ist er auch f\u00fcr Hunde, Kaninchen, V\u00f6gel, etc. geeignet. <\/li>\n<li><b>Frischeres, saubereres Wasser<\/b>: Dieser wiederaufladbare Wasserbrunnen f\u00fcr Haustiere verf\u00fcgt \u00fcber eine interne Pumpe (1 W), die einen automatischen Wasserfluss (12 l\/h) erm\u00f6glicht. Da es sich regelm\u00e4\u00dfig bewegt, ist das Wasser frischer und sauberer als ein herk\u00f6mmlicher Trinknapf. <\/li>\n<li><b>3 Filter und Bewegungssensor<\/b>: Dieser automatische Katzentrinkbrunnen verf\u00fcgt \u00fcber einen Sensor, der ihn aktiviert, wenn er eine Bewegung erkennt (120\u00ba-1,5 m). Enth\u00e4lt 1 Filter (+ 2 Ersatzfilter), der das Wasser reinigt und Verunreinigungen beseitigt. Der Filter ist waschbar und wiederverwendbar (Lebensdauer ca. 3-4 Monate). Er kann auch ohne Filter verwendet werden.   <\/li>\n<li><b>Ger\u00e4uschlos, 3 Liter Fassungsverm\u00f6gen<\/b>: Dieser Katzenbrunnen ist ger\u00e4uschlos, so dass Haustiere in Ruhe daraus trinken k\u00f6nnen, ohne dass sie durch Ger\u00e4usche erschreckt werden. Der durchsichtige Tank erm\u00f6glicht es Ihnen, den Wasserstand zu sehen, so dass Sie bei Bedarf nachf\u00fcllen k\u00f6nnen. Es wird empfohlen, den Wasserbrunnen mindestens einmal pro Woche zu reinigen und das Wasser zu wechseln.  <\/li>\n<li><b>Wiederaufladbar, tragbar<\/b>: Unser Wasserspender f\u00fcr Haustiere ist batteriebetrieben (Li-Ion 2000 mAh \/ 7,4 W), sodass er \u00fcberall eingesetzt werden kann (1. Ladung: ca. 6 Stunden). Inklusive USB-C-Kabel. Eine volle Ladung kann bis zu einer Woche reichen. Es funktioniert auch \u00fcber das USB-Kabel, das an das Stromnetz angeschlossen ist.   <\/li>\n<\/ul>\n<ul>\n<li>Material:\n<ul>\n<li>ABS<\/li>\n<li>Polypropylen<\/li>\n<\/ul>\n<\/li>\n<li>Farbe:\n<ul>\n<li>Wei\u00df<\/li>\n<li>Grau<\/li>\n<\/ul>\n<\/li>\n<li>Typ: Wasserspender\/Wasserbrunnen<\/li>\n<li>Fassungsverm\u00f6gen: 3 l<\/li>\n<li>Modernes Design: Originell und tragbar<\/li>\n<li>Merkmale: Leise<\/li>\n<li>Bewegungssensor: 120\u00ba &#8211; 1,5 m<\/li>\n<li>Wasserbeh\u00e4lter: Einfacher und schneller Blick auf den Inhalt<\/li>\n<li>Enth\u00e4lt: Satz Filter<\/li>\n<li>Filtert Wasserverunreinigungen: Verbessert die Wasserqualit\u00e4t<\/li>\n<li>Hauptverwendung: Katzen<\/li>\n<li>Zweitverwendung: Geeignet f\u00fcr Hunde und andere Haustiere<\/li>\n<li>Leicht zu reinigen: Waschbar<\/li>\n<li>Leistung: 1 W<\/li>\n<li>Wasserdurchfluss: 12 L\/h<\/li>\n<li>Wiederaufladbar: Inklusive USB-C-Kabel<\/li>\n<li>Akku-Typ: Li-Ion<\/li>\n<li>Batteriekapazit\u00e4t: 2000 mAh \/ 7,4 W<\/li>\n<li>Ungef\u00e4hre Ladezeit: 6 Stunden <\/li>\n<li>Ungef\u00e4hre Autonomie: Bis zu 7 Tage <\/li>\n<li>DC Eingang: 5 V \/ 1 A<\/li>\n<li>Ungef\u00e4hre Ma\u00dfe: 20,7 x 17,5 x 17,7 cm <\/li>\n<\/ul>\n<p>Verpackung und Handbuch in 24 Sprachen: Englisch, Franz\u00f6sisch, Spanisch, Deutsch, Italienisch, Portugiesisch, Niederl\u00e4ndisch, Polnisch, Ungarisch, Rum\u00e4nisch, D\u00e4nisch, Schwedisch, Finnisch, Litauisch, Norwegisch, Slowenisch, Griechisch, Tschechisch, Bulgarisch, Kroatisch, Slowakisch, Estnisch, Russisch und Lettisch.<\/p><\/div>\n<div class=\"col-md-6\">\n<div class=\"embed-responsive embed-responsive-16by9\"><iframe class=\"embed-responsive-item lazyload\" data-src=\"https:\/\/www.youtube.com\/embed\/FENJFdXKRLE\" frameborder=\"0\" allowfullscreen=\"\" src=\"data:image\/svg+xml;base64,PHN2ZyB3aWR0aD0iMSIgaGVpZ2h0PSIxIiB4bWxucz0iaHR0cDovL3d3dy53My5vcmcvMjAwMC9zdmciPjwvc3ZnPg==\" data-load-mode=\"1\"><\/iframe><\/div>\n<\/div>\n","protected":false},"excerpt":{"rendered":"<p><span class=\"unit-info\">13.4133 \u20ac \/ 1 l<\/span><\/p>\n","protected":false},"featured_media":69454,"comment_status":"open","ping_status":"closed","template":"","meta":{"_acf_changed":false},"product_brand":[],"product_cat":[263,264,265],"product_tag":[272,286],"class_list":{"0":"post-64065","1":"product","2":"type-product","3":"status-publish","4":"has-post-thumbnail","6":"product_cat-haus-garten","7":"product_cat-haustiere","8":"product_cat-trinker-und-futterer","9":"product_tag-hardware","10":"product_tag-heise-angebote","12":"first","13":"outofstock","14":"sale","15":"shipping-taxable","16":"purchasable","17":"product-type-simple"},"acf":[],"aioseo_notices":[],"_links":{"self":[{"href":"https:\/\/comfycat.com\/de\/wp-json\/wp\/v2\/product\/64065","targetHints":{"allow":["GET"]}}],"collection":[{"href":"https:\/\/comfycat.com\/de\/wp-json\/wp\/v2\/product"}],"about":[{"href":"https:\/\/comfycat.com\/de\/wp-json\/wp\/v2\/types\/product"}],"replies":[{"embeddable":true,"href":"https:\/\/comfycat.com\/de\/wp-json\/wp\/v2\/comments?post=64065"}],"wp:featuredmedia":[{"embeddable":true,"href":"https:\/\/comfycat.com\/de\/wp-json\/wp\/v2\/media\/69454"}],"wp:attachment":[{"href":"https:\/\/comfycat.com\/de\/wp-json\/wp\/v2\/media?parent=64065"}],"wp:term":[{"taxonomy":"product_brand","embeddable":true,"href":"https:\/\/comfycat.com\/de\/wp-json\/wp\/v2\/product_brand?post=64065"},{"taxonomy":"product_cat","embeddable":true,"href":"https:\/\/comfycat.com\/de\/wp-json\/wp\/v2\/product_cat?post=64065"},{"taxonomy":"product_tag","embeddable":true,"href":"https:\/\/comfycat.com\/de\/wp-json\/wp\/v2\/product_tag?post=64065"}],"curies":[{"name":"wp","href":"https:\/\/api.w.org\/{rel}","templated":true}]}}