{"id":60694,"date":"2025-12-30T14:26:36","date_gmt":"2025-12-30T14:26:36","guid":{"rendered":"https:\/\/comfycat.com\/product\/barsch-kratz-oase\/"},"modified":"2026-04-15T13:59:05","modified_gmt":"2026-04-15T13:59:05","slug":"barsch-kratz-oase","status":"publish","type":"product","link":"https:\/\/comfycat.com\/de\/produkt\/barsch-kratz-oase\/","title":{"rendered":"Barsch &amp; Kratz-Oase"},"content":{"rendered":"<p>Sitzstange + Kratzbaum + ruhiges Bett &#8211; Komfort mit Zweck.<\/p>\n<ul class=\"tick-list\">\n<li><strong>H\u00e4ngematte am Fenster &#8211;<\/strong> sonnige Aussichten und warme Nickerchen.<\/li>\n<li><strong>Kratzbaum &#8211;<\/strong> ein &#8220;legaler&#8221; Platz, der die M\u00f6bel sch\u00fctzt.<\/li>\n<li><strong>Anti-Stress-Bett (\u00d860 cm) &#8211;<\/strong> weiches Nest, das zu ihrem Lieblingsplatz wird.<\/li>\n<\/ul>\n","protected":false},"excerpt":{"rendered":"<p>Sitzstange + Kratzbaum + ruhiges Bett &#8211; Komfort mit Zweck. H\u00e4ngematte am Fenster &#8211; sonnige Aussichten und warme Nickerchen. Kratzbaum &#8211; ein &#8220;legaler&#8221; Platz, der die M\u00f6bel sch\u00fctzt. Anti-Stress-Bett (\u00d860 cm) &#8211; weiches Nest, das zu ihrem Lieblingsplatz wird.<\/p>\n","protected":false},"featured_media":60689,"comment_status":"open","ping_status":"closed","template":"","meta":{"_acf_changed":false},"product_brand":[],"product_cat":[150],"product_tag":[423],"class_list":{"0":"post-60694","1":"product","2":"type-product","3":"status-publish","4":"has-post-thumbnail","6":"product_cat-nicht-kategorisiert","7":"product_tag-sofa-sparer","9":"first","10":"outofstock","11":"shipping-taxable","12":"purchasable","13":"product-type-woosb"},"acf":[],"aioseo_notices":[],"_links":{"self":[{"href":"https:\/\/comfycat.com\/de\/wp-json\/wp\/v2\/product\/60694","targetHints":{"allow":["GET"]}}],"collection":[{"href":"https:\/\/comfycat.com\/de\/wp-json\/wp\/v2\/product"}],"about":[{"href":"https:\/\/comfycat.com\/de\/wp-json\/wp\/v2\/types\/product"}],"replies":[{"embeddable":true,"href":"https:\/\/comfycat.com\/de\/wp-json\/wp\/v2\/comments?post=60694"}],"wp:featuredmedia":[{"embeddable":true,"href":"https:\/\/comfycat.com\/de\/wp-json\/wp\/v2\/media\/60689"}],"wp:attachment":[{"href":"https:\/\/comfycat.com\/de\/wp-json\/wp\/v2\/media?parent=60694"}],"wp:term":[{"taxonomy":"product_brand","embeddable":true,"href":"https:\/\/comfycat.com\/de\/wp-json\/wp\/v2\/product_brand?post=60694"},{"taxonomy":"product_cat","embeddable":true,"href":"https:\/\/comfycat.com\/de\/wp-json\/wp\/v2\/product_cat?post=60694"},{"taxonomy":"product_tag","embeddable":true,"href":"https:\/\/comfycat.com\/de\/wp-json\/wp\/v2\/product_tag?post=60694"}],"curies":[{"name":"wp","href":"https:\/\/api.w.org\/{rel}","templated":true}]}}