{"id":60669,"date":"2025-12-30T14:11:32","date_gmt":"2025-12-30T14:11:32","guid":{"rendered":"https:\/\/comfycat.com\/product\/haustierkamera-ip-tierkamera-fuer-innenraeume\/"},"modified":"2026-04-02T06:35:41","modified_gmt":"2026-04-02T06:35:41","slug":"haustierkamera-ip-tierkamera-fuer-innenraeume","status":"publish","type":"product","link":"https:\/\/comfycat.com\/de\/produkt\/haustierkamera-ip-tierkamera-fuer-innenraeume\/","title":{"rendered":"Haustierkamera (IP-Tierkamera f\u00fcr Innenr\u00e4ume)"},"content":{"rendered":"<p>HD-Video + Nachtsicht + Zwei-Wege-Audio f\u00fcr sofortigen Seelenfrieden.<\/p>\n<ul class=\"tick-list\">\n<li><strong>Live-HD-Fenster<\/strong> ins h\u00e4usliche Leben .<\/li>\n<li>Sie k\u00f6nnen <strong>mit Ihrer Katze sprechen<\/strong> (und <strong>mith\u00f6ren<\/strong> ).<\/li>\n<li>Ihre Stimme <strong> mildert den Trennungsstress.<\/strong><\/li>\n<\/ul>\n","protected":false},"excerpt":{"rendered":"<p>HD-Video + Nachtsicht + Zwei-Wege-Audio f\u00fcr sofortigen Seelenfrieden. Live-HD-Fenster ins h\u00e4usliche Leben . Sie k\u00f6nnen mit Ihrer Katze sprechen (und mith\u00f6ren ). Ihre Stimme mildert den Trennungsstress.<\/p>\n","protected":false},"featured_media":60665,"comment_status":"open","ping_status":"closed","template":"","meta":{"_acf_changed":false},"product_brand":[],"product_cat":[150],"product_tag":[411],"class_list":{"0":"post-60669","1":"product","2":"type-product","3":"status-publish","4":"has-post-thumbnail","6":"product_cat-nicht-kategorisiert","7":"product_tag-seelenfrieden","9":"first","10":"outofstock","11":"shipping-taxable","12":"purchasable","13":"product-type-woosb"},"acf":[],"aioseo_notices":[],"_links":{"self":[{"href":"https:\/\/comfycat.com\/de\/wp-json\/wp\/v2\/product\/60669","targetHints":{"allow":["GET"]}}],"collection":[{"href":"https:\/\/comfycat.com\/de\/wp-json\/wp\/v2\/product"}],"about":[{"href":"https:\/\/comfycat.com\/de\/wp-json\/wp\/v2\/types\/product"}],"replies":[{"embeddable":true,"href":"https:\/\/comfycat.com\/de\/wp-json\/wp\/v2\/comments?post=60669"}],"wp:featuredmedia":[{"embeddable":true,"href":"https:\/\/comfycat.com\/de\/wp-json\/wp\/v2\/media\/60665"}],"wp:attachment":[{"href":"https:\/\/comfycat.com\/de\/wp-json\/wp\/v2\/media?parent=60669"}],"wp:term":[{"taxonomy":"product_brand","embeddable":true,"href":"https:\/\/comfycat.com\/de\/wp-json\/wp\/v2\/product_brand?post=60669"},{"taxonomy":"product_cat","embeddable":true,"href":"https:\/\/comfycat.com\/de\/wp-json\/wp\/v2\/product_cat?post=60669"},{"taxonomy":"product_tag","embeddable":true,"href":"https:\/\/comfycat.com\/de\/wp-json\/wp\/v2\/product_tag?post=60669"}],"curies":[{"name":"wp","href":"https:\/\/api.w.org\/{rel}","templated":true}]}}