{"id":60657,"date":"2025-12-30T14:07:39","date_gmt":"2025-12-30T14:07:39","guid":{"rendered":"https:\/\/comfycat.com\/product\/hygiene-katze-5-in-1-hygiene-kit\/"},"modified":"2026-04-23T15:15:20","modified_gmt":"2026-04-23T15:15:20","slug":"hygiene-cat-5-in-1-hygiene-kit","status":"publish","type":"product","link":"https:\/\/comfycat.com\/de\/produkt\/hygiene-cat-5-in-1-hygiene-kit\/","title":{"rendered":"Hygiene-Katze (5-in-1-Hygiene-Kit)"},"content":{"rendered":"<p>T\u00e4gliche Pflege + schnelles Auffrischen = gl\u00fccklicheres Kuscheln.<\/p>\n<ul class=\"tick-list\">\n<li><strong>Massagehandschuh &#8211;<\/strong> sanfte t\u00e4gliche Entschuppung, die Katzen lieben.<\/li>\n<li><strong>Fusselrolle &#8211;<\/strong> Sofas und Kleidung in Sekunden sauber.<\/li>\n<li><strong>Nagelknipser &#8211;<\/strong> saubere Krallen, weniger Kratzer.<\/li>\n<li><strong>Andis-B\u00fcrste &#8211;<\/strong> hebt loses Unterfell auf.<\/li>\n<li><strong>Trockenshampoo-Schaum &#8211;<\/strong> schnelle Erfrischung zwischen den B\u00e4dern.<\/li>\n<\/ul>\n","protected":false},"excerpt":{"rendered":"<p>T\u00e4gliche Pflege + schnelles Auffrischen = gl\u00fccklicheres Kuscheln. Massagehandschuh &#8211; sanfte t\u00e4gliche Entschuppung, die Katzen lieben. Fusselrolle &#8211; Sofas und Kleidung in Sekunden sauber. Nagelknipser &#8211; saubere Krallen, weniger Kratzer. Andis-B\u00fcrste &#8211; hebt loses Unterfell auf. Trockenshampoo-Schaum &#8211; schnelle Erfrischung zwischen den B\u00e4dern.<\/p>\n","protected":false},"featured_media":60653,"comment_status":"open","ping_status":"closed","template":"","meta":{"_acf_changed":false},"product_brand":[],"product_cat":[150],"product_tag":[404],"class_list":{"0":"post-60657","1":"product","2":"type-product","3":"status-publish","4":"has-post-thumbnail","6":"product_cat-nicht-kategorisiert","7":"product_tag-die-beliebteste-wahl","9":"first","10":"outofstock","11":"shipping-taxable","12":"purchasable","13":"product-type-woosb"},"acf":[],"aioseo_notices":[],"_links":{"self":[{"href":"https:\/\/comfycat.com\/de\/wp-json\/wp\/v2\/product\/60657","targetHints":{"allow":["GET"]}}],"collection":[{"href":"https:\/\/comfycat.com\/de\/wp-json\/wp\/v2\/product"}],"about":[{"href":"https:\/\/comfycat.com\/de\/wp-json\/wp\/v2\/types\/product"}],"replies":[{"embeddable":true,"href":"https:\/\/comfycat.com\/de\/wp-json\/wp\/v2\/comments?post=60657"}],"wp:featuredmedia":[{"embeddable":true,"href":"https:\/\/comfycat.com\/de\/wp-json\/wp\/v2\/media\/60653"}],"wp:attachment":[{"href":"https:\/\/comfycat.com\/de\/wp-json\/wp\/v2\/media?parent=60657"}],"wp:term":[{"taxonomy":"product_brand","embeddable":true,"href":"https:\/\/comfycat.com\/de\/wp-json\/wp\/v2\/product_brand?post=60657"},{"taxonomy":"product_cat","embeddable":true,"href":"https:\/\/comfycat.com\/de\/wp-json\/wp\/v2\/product_cat?post=60657"},{"taxonomy":"product_tag","embeddable":true,"href":"https:\/\/comfycat.com\/de\/wp-json\/wp\/v2\/product_tag?post=60657"}],"curies":[{"name":"wp","href":"https:\/\/api.w.org\/{rel}","templated":true}]}}