{"id":57223,"date":"2025-10-29T07:12:13","date_gmt":"2025-10-29T07:12:13","guid":{"rendered":"https:\/\/comfycat.com\/product\/4-jahres-garantieverlaengerung\/"},"modified":"2026-04-23T14:39:33","modified_gmt":"2026-04-23T14:39:33","slug":"4-year-extended-warranty","status":"publish","type":"product","link":"https:\/\/comfycat.com\/de\/produkt\/4-year-extended-warranty\/","title":{"rendered":"4-Jahres-Garantieverl\u00e4ngerung"},"content":{"rendered":"<div class=\"ofer-pg-mdl-each-box\">\n<h4>Was ist abgedeckt?<\/h4>\n<ul class=\"ofer-pg-popup-lst\">\n<li>Mechanische und elektrische Defekte nach der EU-Standardgarantie von 2 Jahren (Teile und Arbeit).<\/li>\n<li>Motor, Sensoren, Steuerplatine, Stromversorgung und interne Verkabelung.<\/li>\n<\/ul>\n<\/div>\n<div class=\"ofer-pg-mdl-each-box\">\n<h4>Was nicht abgedeckt ist<\/h4>\n<ul class=\"ofer-pg-popup-lst\">\n<li>Versehentliche Besch\u00e4digung, Missbrauch, Fl\u00fcssigkeiten, unbefugte Reparaturen\/Modifikationen.<\/li>\n<li>Verbrauchsmaterial (Streu, Filter, Abfallbeutel) und kosmetische Abnutzung.<\/li>\n<\/ul>\n<\/div>\n<div class=\"ofer-pg-mdl-each-box\">\n<h4>Wie es funktioniert<\/h4>\n<ul class=\"ofer-pg-popup-lst\">\n<li>Laufzeit: <strong>bis zu 48 Monate ab Lieferung<\/strong> (Standardgarantie + verl\u00e4ngerter Zeitraum).<\/li>\n<li>Erh\u00e4ltlich mit aktiven <strong>24- oder 36-monatigen Platinum Care<\/strong> Tarifen.<\/li>\n<li>Wenn eine Reparatur nicht m\u00f6glich ist, <strong>tauschen wir das Ger\u00e4t einmal<\/strong> w\u00e4hrend der Laufzeit <strong>aus<\/strong>.<\/li>\n<li><strong>EU-Versand in beide Richtungen abgedeckt<\/strong>; andere Regionen: wir decken Teile und Arbeit, aber nicht den Versand<\/li>\n<\/ul>\n<\/div>\n<div class=\"ofer-pg-mdl-each-box\">\n<h4>Anspruch<\/h4>\n<p>Wenden Sie sich mit Ihrer Bestellnummer und Seriennummer an den Support; wir f\u00fchren eine Ferndiagnose durch und k\u00fcmmern uns um die Reparatur bzw. den Austausch des Ger\u00e4ts.<\/p>\n<\/div>\n","protected":false},"excerpt":{"rendered":"<p>Was ist abgedeckt? Mechanische und elektrische Defekte nach der EU-Standardgarantie von 2 Jahren (Teile und Arbeit). Motor, Sensoren, Steuerplatine, Stromversorgung und interne Verkabelung. Was nicht abgedeckt ist Versehentliche Besch\u00e4digung, Missbrauch, Fl\u00fcssigkeiten, unbefugte Reparaturen\/Modifikationen. Verbrauchsmaterial (Streu, Filter, Abfallbeutel) und kosmetische Abnutzung. Wie es funktioniert Laufzeit: bis zu 48 Monate ab Lieferung (Standardgarantie + verl\u00e4ngerter Zeitraum). Erh\u00e4ltlich [&hellip;]<\/p>\n","protected":false},"featured_media":37322,"comment_status":"open","ping_status":"closed","template":"","meta":{"_acf_changed":false},"product_brand":[],"product_cat":[320],"product_tag":[],"class_list":{"0":"post-57223","1":"product","2":"type-product","3":"status-publish","4":"has-post-thumbnail","6":"product_cat-katzenklo","8":"first","9":"instock","10":"shipping-taxable","11":"purchasable","12":"product-type-simple"},"acf":[],"aioseo_notices":[],"_links":{"self":[{"href":"https:\/\/comfycat.com\/de\/wp-json\/wp\/v2\/product\/57223","targetHints":{"allow":["GET"]}}],"collection":[{"href":"https:\/\/comfycat.com\/de\/wp-json\/wp\/v2\/product"}],"about":[{"href":"https:\/\/comfycat.com\/de\/wp-json\/wp\/v2\/types\/product"}],"replies":[{"embeddable":true,"href":"https:\/\/comfycat.com\/de\/wp-json\/wp\/v2\/comments?post=57223"}],"wp:featuredmedia":[{"embeddable":true,"href":"https:\/\/comfycat.com\/de\/wp-json\/wp\/v2\/media\/37322"}],"wp:attachment":[{"href":"https:\/\/comfycat.com\/de\/wp-json\/wp\/v2\/media?parent=57223"}],"wp:term":[{"taxonomy":"product_brand","embeddable":true,"href":"https:\/\/comfycat.com\/de\/wp-json\/wp\/v2\/product_brand?post=57223"},{"taxonomy":"product_cat","embeddable":true,"href":"https:\/\/comfycat.com\/de\/wp-json\/wp\/v2\/product_cat?post=57223"},{"taxonomy":"product_tag","embeddable":true,"href":"https:\/\/comfycat.com\/de\/wp-json\/wp\/v2\/product_tag?post=57223"}],"curies":[{"name":"wp","href":"https:\/\/api.w.org\/{rel}","templated":true}]}}