{"id":57218,"date":"2025-10-29T07:19:12","date_gmt":"2025-10-29T07:19:12","guid":{"rendered":"https:\/\/comfycat.com\/product\/wohltaetige-spende\/"},"modified":"2026-04-13T15:11:13","modified_gmt":"2026-04-13T15:11:13","slug":"wohltaetige-spende","status":"publish","type":"product","link":"https:\/\/comfycat.com\/de\/produkt\/wohltaetige-spende\/","title":{"rendered":"Wohlt\u00e4tige Spende"},"content":{"rendered":"<p>Mit Ihrem Platinum Care Plan <strong>spendet ComfyCat 10 \u20ac pro Bestellung an<\/strong> einen Partner im Tierschutz.<\/p>\n<div class=\"ofer-pg-mdl-each-box\">\n<ul class=\"ofer-pg-popup-lst\">\n<li>Keine Kosten f\u00fcr Sie; f\u00fcr Kunden nicht steuerlich absetzbar.<\/li>\n<li>Wir ver\u00f6ffentlichen <strong>viertelj\u00e4hrlich aktuelle Informationen \u00fcber die Auswirkungen<\/strong> (Mittel, Empf\u00e4nger, Projekte). Wir spenden an unser Standard-Partnernetzwerk. <\/li>\n<li>Wenn eine Organisation nicht mehr f\u00f6rderf\u00e4hig ist, leiten wir die Mittel an eine \u00e4hnliche registrierte Wohlt\u00e4tigkeitsorganisation weiter.<\/li>\n<\/ul><\/div>\n<div class=\"ofer-pg-mdl-each-box\">\n<p>Danke f\u00fcr die Hilfe f\u00fcr Haustiere in Not  <img decoding=\"async\" src=\"https:\/\/comfycat.com\/wp-content\/themes\/comfycat\/images\/smile-emoji.png\" alt=\"\"><\/p>\n<\/p><\/div>\n","protected":false},"excerpt":{"rendered":"<p>Mit Ihrem Platinum Care Plan spendet ComfyCat 10 \u20ac pro Bestellung an einen Partner im Tierschutz. Keine Kosten f\u00fcr Sie; f\u00fcr Kunden nicht steuerlich absetzbar. Wir ver\u00f6ffentlichen viertelj\u00e4hrlich aktuelle Informationen \u00fcber die Auswirkungen (Mittel, Empf\u00e4nger, Projekte). Wir spenden an unser Standard-Partnernetzwerk. Wenn eine Organisation nicht mehr f\u00f6rderf\u00e4hig ist, leiten wir die Mittel an eine \u00e4hnliche [&hellip;]<\/p>\n","protected":false},"featured_media":37334,"comment_status":"open","ping_status":"closed","template":"","meta":{"_acf_changed":false},"product_brand":[],"product_cat":[320],"product_tag":[],"class_list":{"0":"post-57218","1":"product","2":"type-product","3":"status-publish","4":"has-post-thumbnail","6":"product_cat-katzenklo","8":"first","9":"instock","10":"shipping-taxable","11":"purchasable","12":"product-type-simple"},"acf":[],"aioseo_notices":[],"_links":{"self":[{"href":"https:\/\/comfycat.com\/de\/wp-json\/wp\/v2\/product\/57218","targetHints":{"allow":["GET"]}}],"collection":[{"href":"https:\/\/comfycat.com\/de\/wp-json\/wp\/v2\/product"}],"about":[{"href":"https:\/\/comfycat.com\/de\/wp-json\/wp\/v2\/types\/product"}],"replies":[{"embeddable":true,"href":"https:\/\/comfycat.com\/de\/wp-json\/wp\/v2\/comments?post=57218"}],"wp:featuredmedia":[{"embeddable":true,"href":"https:\/\/comfycat.com\/de\/wp-json\/wp\/v2\/media\/37334"}],"wp:attachment":[{"href":"https:\/\/comfycat.com\/de\/wp-json\/wp\/v2\/media?parent=57218"}],"wp:term":[{"taxonomy":"product_brand","embeddable":true,"href":"https:\/\/comfycat.com\/de\/wp-json\/wp\/v2\/product_brand?post=57218"},{"taxonomy":"product_cat","embeddable":true,"href":"https:\/\/comfycat.com\/de\/wp-json\/wp\/v2\/product_cat?post=57218"},{"taxonomy":"product_tag","embeddable":true,"href":"https:\/\/comfycat.com\/de\/wp-json\/wp\/v2\/product_tag?post=57218"}],"curies":[{"name":"wp","href":"https:\/\/api.w.org\/{rel}","templated":true}]}}