{"id":56908,"date":"2025-11-27T13:08:48","date_gmt":"2025-11-27T13:08:48","guid":{"rendered":"https:\/\/comfycat.com\/product\/haengende-katzenhaengematte-catlax-innovagoods\/"},"modified":"2026-04-09T09:15:26","modified_gmt":"2026-04-09T09:15:26","slug":"hanging-cat-hammock-catlax-innovagoods","status":"publish","type":"product","link":"https:\/\/comfycat.com\/de\/produkt\/hanging-cat-hammock-catlax-innovagoods\/","title":{"rendered":"H\u00e4ngende Katzenh\u00e4ngematte Catlax InnovaGoods"},"content":{"rendered":"<div class=\"ofer-pg-mdl-each-tabview\">\n<div class=\"ofer-pg-mdl-each-box\">\n<p>Eine moderne und elegante h\u00e4ngende H\u00e4ngematte f\u00fcr Katzen. Perfekt f\u00fcr Haustiere, damit sie bequem ihren eigenen Raum genie\u00dfen k\u00f6nnen&#8230; ein Ort, an dem sie die Landschaft betrachten, sich sonnen und spielen k\u00f6nnen, indem sie auf und ab h\u00fcpfen usw., ohne sich um etwas zu k\u00fcmmern. Katzen lieben die H\u00f6he und werden daher von dieser H\u00e4ngematte fasziniert sein, die in jeder H\u00f6he angebracht werden kann, um den Raum effizient zu nutzen und ihn gleichzeitig aufger\u00e4umt zu halten. Die H\u00e4ngematte l\u00e4sst sich leicht mit 4 starken Saugn\u00e4pfen anbringen, die einen festen Halt bieten (kein Werkzeug erforderlich) und ein Gewicht von bis zu 30 kg tragen k\u00f6nnen. Die H\u00e4ngematte wird haupts\u00e4chlich an Fenstern oder Glast\u00fcren angebracht (in Innenr\u00e4umen, auf sauberen und glatten, nicht por\u00f6sen Oberfl\u00e4chen). Diese originelle Katzenh\u00e4ngematte ist sehr vielseitig und anpassungsf\u00e4hig, da sie in mehreren Positionen aufgestellt werden kann. Sie ist leicht und tragbar, so dass Sie sie \u00fcberallhin mitnehmen k\u00f6nnen, wo Sie wollen. Sie besteht aus mehreren Kunststoffrohren und zwei h\u00e4ngenden Metallseilen, die das Gewicht sicher tragen k\u00f6nnen und verhindern, dass die Katze darauf herumkaut und sie abbricht. Der Bezug aus Oxford-Gewebe ist widerstandsf\u00e4hig, atmungsaktiv und kann von Hand gewaschen werden. Er l\u00e4sst sich anhand der beiliegenden Anleitung leicht montieren und demontieren und nimmt bei der Aufbewahrung nur wenig Platz ein.        <\/p>\n<\/p><\/div>\n<div class=\"ofer-pg-mdl-each-box\">\n<h4>Material:<\/h4>\n<ul class=\"ofer-pg-popup-lst\">\n<li>PP<\/li>\n<li>PVC<\/li>\n<li>Polyester (Oxford)<\/li>\n<\/ul><\/div>\n<\/div>\n","protected":false},"excerpt":{"rendered":"<p>Eine moderne und elegante h\u00e4ngende H\u00e4ngematte f\u00fcr Katzen. Perfekt f\u00fcr Haustiere, damit sie bequem ihren eigenen Raum genie\u00dfen k\u00f6nnen&#8230; ein Ort, an dem sie die Landschaft betrachten, sich sonnen und spielen k\u00f6nnen, indem sie auf und ab h\u00fcpfen usw., ohne sich um etwas zu k\u00fcmmern. Katzen lieben die H\u00f6he und werden daher von dieser H\u00e4ngematte [&hellip;]<\/p>\n","protected":false},"featured_media":55072,"comment_status":"open","ping_status":"closed","template":"","meta":{"_acf_changed":false},"product_brand":[],"product_cat":[150],"product_tag":[],"class_list":{"0":"post-56908","1":"product","2":"type-product","3":"status-publish","4":"has-post-thumbnail","6":"product_cat-nicht-kategorisiert","8":"first","9":"instock","10":"shipping-taxable","11":"purchasable","12":"product-type-simple"},"acf":[],"aioseo_notices":[],"_links":{"self":[{"href":"https:\/\/comfycat.com\/de\/wp-json\/wp\/v2\/product\/56908","targetHints":{"allow":["GET"]}}],"collection":[{"href":"https:\/\/comfycat.com\/de\/wp-json\/wp\/v2\/product"}],"about":[{"href":"https:\/\/comfycat.com\/de\/wp-json\/wp\/v2\/types\/product"}],"replies":[{"embeddable":true,"href":"https:\/\/comfycat.com\/de\/wp-json\/wp\/v2\/comments?post=56908"}],"wp:featuredmedia":[{"embeddable":true,"href":"https:\/\/comfycat.com\/de\/wp-json\/wp\/v2\/media\/55072"}],"wp:attachment":[{"href":"https:\/\/comfycat.com\/de\/wp-json\/wp\/v2\/media?parent=56908"}],"wp:term":[{"taxonomy":"product_brand","embeddable":true,"href":"https:\/\/comfycat.com\/de\/wp-json\/wp\/v2\/product_brand?post=56908"},{"taxonomy":"product_cat","embeddable":true,"href":"https:\/\/comfycat.com\/de\/wp-json\/wp\/v2\/product_cat?post=56908"},{"taxonomy":"product_tag","embeddable":true,"href":"https:\/\/comfycat.com\/de\/wp-json\/wp\/v2\/product_tag?post=56908"}],"curies":[{"name":"wp","href":"https:\/\/api.w.org\/{rel}","templated":true}]}}