{"id":57043,"date":"2025-09-05T06:47:11","date_gmt":"2025-09-05T06:47:11","guid":{"rendered":"https:\/\/comfycat.com\/blog\/"},"modified":"2025-12-22T07:16:25","modified_gmt":"2025-12-22T07:16:25","slug":"blog","status":"publish","type":"page","link":"https:\/\/comfycat.com\/de\/blog\/","title":{"rendered":"Blog"},"content":{"rendered":"<h1>Blog<\/h1>\n<p>Machen Sie die F\u00fctterungszeit f\u00fcr Ihre Katze einfacher und ges\u00fcnder mit unseren Tipps, Bewertungen und Anleitungen f\u00fcr intelligente Katzenfutter. Von automatischen Futterautomaten bis hin zu Portionskontrolle und Essenszeiten &#8211; dieser Blog hilft Ihnen bei der Auswahl der besten Optionen, damit Ihre Katze gl\u00fccklich, gut gen\u00e4hrt und p\u00fcnktlich ist. <\/p>\n","protected":false},"excerpt":{"rendered":"<p>Blog Machen Sie die F\u00fctterungszeit f\u00fcr Ihre Katze einfacher und ges\u00fcnder mit unseren Tipps, Bewertungen und Anleitungen f\u00fcr intelligente Katzenfutter. Von automatischen Futterautomaten bis hin zu Portionskontrolle und Essenszeiten &#8211; dieser Blog hilft Ihnen bei der Auswahl der besten Optionen, damit Ihre Katze gl\u00fccklich, gut gen\u00e4hrt und p\u00fcnktlich ist.<\/p>\n","protected":false},"author":1,"featured_media":0,"parent":0,"menu_order":0,"comment_status":"closed","ping_status":"closed","template":"templates\/template-blog.php","meta":{"_acf_changed":false,"footnotes":""},"class_list":["post-57043","page","type-page","status-publish","hentry"],"acf":[],"aioseo_notices":[],"_links":{"self":[{"href":"https:\/\/comfycat.com\/de\/wp-json\/wp\/v2\/pages\/57043","targetHints":{"allow":["GET"]}}],"collection":[{"href":"https:\/\/comfycat.com\/de\/wp-json\/wp\/v2\/pages"}],"about":[{"href":"https:\/\/comfycat.com\/de\/wp-json\/wp\/v2\/types\/page"}],"author":[{"embeddable":true,"href":"https:\/\/comfycat.com\/de\/wp-json\/wp\/v2\/users\/1"}],"replies":[{"embeddable":true,"href":"https:\/\/comfycat.com\/de\/wp-json\/wp\/v2\/comments?post=57043"}],"version-history":[{"count":0,"href":"https:\/\/comfycat.com\/de\/wp-json\/wp\/v2\/pages\/57043\/revisions"}],"wp:attachment":[{"href":"https:\/\/comfycat.com\/de\/wp-json\/wp\/v2\/media?parent=57043"}],"curies":[{"name":"wp","href":"https:\/\/api.w.org\/{rel}","templated":true}]}}