{"id":56746,"date":"2025-09-05T06:56:26","date_gmt":"2025-09-05T06:56:26","guid":{"rendered":"https:\/\/comfycat.com\/allgemeine-geschaeftsbedingungen-comfycat-com\/"},"modified":"2026-02-06T10:02:01","modified_gmt":"2026-02-06T10:02:01","slug":"allgemeine-geschaeftsbedingungen-comfycat-com","status":"publish","type":"page","link":"https:\/\/comfycat.com\/de\/allgemeine-geschaeftsbedingungen-comfycat-com\/","title":{"rendered":"Allgemeine Gesch\u00e4ftsbedingungen &#8211; ComfyCat.com"},"content":{"rendered":"<p>  Willkommen bei <a href=\"#\"><strong>ComfyCat.com<\/strong><\/a>. Die Website wird von ComfyCat (&#8220;wir&#8221;, &#8220;uns&#8221;, &#8220;unser&#8221;) betrieben. Indem Sie auf unsere Website zugreifen oder dort einkaufen, erkl\u00e4ren Sie sich mit den folgenden Allgemeinen Gesch\u00e4ftsbedingungen einverstanden. Bitte lesen Sie diese sorgf\u00e4ltig durch, bevor Sie eine Bestellung aufgeben.<\/p>\n<p> <strong> Hinweis: <\/strong> Diese Seite dient nur der allgemeinen Information und ersetzt keine Rechtsberatung. Ihre gesetzlichen Verbraucherrechte bleiben davon unber\u00fchrt.   <\/p>\n<p>ComfyCat.com ist Eigentum und wird betrieben von <strong>Petra Srl,<\/strong> einer in Italien gegr\u00fcndeten Gesellschaft mit beschr\u00e4nkter Haftung, mit eingetragenem Sitz in <strong>MILANO (MI) VIA ALFONSO LAMARMORA 6 CAP 20122,<\/strong> USt.-Nr. <strong>IT12386900968.<\/strong> <strong>Petra Srl<\/strong> ist der Vertragspartner f\u00fcr alle Eink\u00e4ufe, die auf dieser Website get\u00e4tigt werden, sowohl in rechtlicher als auch in buchhalterischer Hinsicht.<\/p>\n","protected":false},"excerpt":{"rendered":"<p>Willkommen bei ComfyCat.com. Die Website wird von ComfyCat (&#8220;wir&#8221;, &#8220;uns&#8221;, &#8220;unser&#8221;) betrieben. Indem Sie auf unsere Website zugreifen oder dort einkaufen, erkl\u00e4ren Sie sich mit den folgenden Allgemeinen Gesch\u00e4ftsbedingungen einverstanden. Bitte lesen Sie diese sorgf\u00e4ltig durch, bevor Sie eine Bestellung aufgeben. Hinweis: Diese Seite dient nur der allgemeinen Information und ersetzt keine Rechtsberatung. Ihre gesetzlichen [&hellip;]<\/p>\n","protected":false},"author":1,"featured_media":0,"parent":0,"menu_order":0,"comment_status":"closed","ping_status":"closed","template":"templates\/template-legalpages.php","meta":{"_acf_changed":false,"footnotes":""},"class_list":["post-56746","page","type-page","status-publish","hentry"],"acf":[],"aioseo_notices":[],"_links":{"self":[{"href":"https:\/\/comfycat.com\/de\/wp-json\/wp\/v2\/pages\/56746","targetHints":{"allow":["GET"]}}],"collection":[{"href":"https:\/\/comfycat.com\/de\/wp-json\/wp\/v2\/pages"}],"about":[{"href":"https:\/\/comfycat.com\/de\/wp-json\/wp\/v2\/types\/page"}],"author":[{"embeddable":true,"href":"https:\/\/comfycat.com\/de\/wp-json\/wp\/v2\/users\/1"}],"replies":[{"embeddable":true,"href":"https:\/\/comfycat.com\/de\/wp-json\/wp\/v2\/comments?post=56746"}],"version-history":[{"count":0,"href":"https:\/\/comfycat.com\/de\/wp-json\/wp\/v2\/pages\/56746\/revisions"}],"wp:attachment":[{"href":"https:\/\/comfycat.com\/de\/wp-json\/wp\/v2\/media?parent=56746"}],"curies":[{"name":"wp","href":"https:\/\/api.w.org\/{rel}","templated":true}]}}